{"id":29313,"date":"2026-04-08T13:09:09","date_gmt":"2026-04-08T12:09:09","guid":{"rendered":"https:\/\/lamillou.ch\/produkt\/kopfkissen-baumwolle-abc-farm-l-40-x-60-cm\/"},"modified":"2026-04-17T03:06:06","modified_gmt":"2026-04-17T02:06:06","slug":"kopfkissen-baumwolle-abc-farm-l-40-x-60-cm","status":"publish","type":"product","link":"https:\/\/lamillou.ch\/en\/product\/kopfkissen-baumwolle-abc-farm-l-40-x-60-cm\/","title":{"rendered":"Kopfkissen Baumwolle ABC FARM &#8211; L &#8211; 40 x 60 cm"},"content":{"rendered":"<p>Ein klassisches Kinderkissen mit einer d\u00fcnnen F\u00fcllung f\u00fcr einen bequemen Schlaf bei Tag und Nacht. Das Kissen ist beidseitig aus Baumwolle und hat eine antiallergische F\u00fcllung, die gleichzeitig elastisch und weich ist. Zusammen mit der Decke bildet es das perfekte Set f\u00fcr Ihr Baby f\u00fcr das Kinderzimmer!<\/p>","protected":false},"excerpt":{"rendered":"<p>Ein klassisches Kinderkissen mit einer d\u00fcnnen F\u00fcllung f\u00fcr einen bequemen Schlaf bei Tag und Nacht. Das Kissen ist beidseitig aus<\/p>","protected":false},"featured_media":32110,"comment_status":"open","ping_status":"closed","template":"","meta":[],"product_brand":[88],"product_cat":[267],"product_tag":[],"class_list":{"0":"post-29313","1":"product","2":"type-product","3":"status-publish","4":"has-post-thumbnail","6":"product_brand-la-millou","7":"product_cat-bettkissen","9":"first","10":"instock","11":"taxable","12":"shipping-taxable","13":"purchasable","14":"product-type-simple"},"yoast_head":"<!-- This site is optimized with the Yoast SEO plugin v27.3 - https:\/\/yoast.com\/product\/yoast-seo-wordpress\/ -->\n<title>Kopfkissen Baumwolle ABC FARM - L - 40 x 60 cm - lamillou.ch<\/title>\n<meta name=\"description\" content=\"Ein klassisches Kinderkissen mit einer d\u00fcnnen F\u00fcllung f\u00fcr einen bequemen Schlaf bei Tag und Nacht. Das Kissen ist beidseitig aus Baumwolle und hat eine\" \/>\n<meta name=\"robots\" content=\"index, follow, max-snippet:-1, max-image-preview:large, max-video-preview:-1\" \/>\n<link rel=\"canonical\" href=\"https:\/\/lamillou.ch\/en\/product\/kopfkissen-baumwolle-abc-farm-l-40-x-60-cm\/\" \/>\n<meta property=\"og:locale\" content=\"en_GB\" \/>\n<meta property=\"og:type\" content=\"article\" \/>\n<meta property=\"og:title\" content=\"Kopfkissen Baumwolle ABC FARM - L - 40 x 60 cm - lamillou.ch\" \/>\n<meta property=\"og:description\" content=\"Ein klassisches Kinderkissen mit einer d\u00fcnnen F\u00fcllung f\u00fcr einen bequemen Schlaf bei Tag und Nacht. Das Kissen ist beidseitig aus Baumwolle und hat eine\" \/>\n<meta property=\"og:url\" content=\"https:\/\/lamillou.ch\/en\/product\/kopfkissen-baumwolle-abc-farm-l-40-x-60-cm\/\" \/>\n<meta property=\"og:site_name\" content=\"lamillou.ch\" \/>\n<meta property=\"article:modified_time\" content=\"2026-04-17T02:06:06+00:00\" \/>\n<meta property=\"og:image\" content=\"https:\/\/lamillou.ch\/wp-content\/uploads\/2026\/04\/image_1920_KcOpC.jpeg\" \/>\n\t<meta property=\"og:image:width\" content=\"1920\" \/>\n\t<meta property=\"og:image:height\" content=\"1920\" \/>\n\t<meta property=\"og:image:type\" content=\"image\/jpeg\" \/>\n<meta name=\"twitter:card\" content=\"summary_large_image\" \/>\n<script type=\"application\/ld+json\" class=\"yoast-schema-graph\">{\"@context\":\"https:\\\/\\\/schema.org\",\"@graph\":[{\"@type\":\"WebPage\",\"@id\":\"https:\\\/\\\/lamillou.ch\\\/produkt\\\/kopfkissen-baumwolle-abc-farm-l-40-x-60-cm\\\/\",\"url\":\"https:\\\/\\\/lamillou.ch\\\/produkt\\\/kopfkissen-baumwolle-abc-farm-l-40-x-60-cm\\\/\",\"name\":\"Kopfkissen Baumwolle ABC FARM - L - 40 x 60 cm - lamillou.ch\",\"isPartOf\":{\"@id\":\"https:\\\/\\\/lamillou.ch\\\/#website\"},\"primaryImageOfPage\":{\"@id\":\"https:\\\/\\\/lamillou.ch\\\/produkt\\\/kopfkissen-baumwolle-abc-farm-l-40-x-60-cm\\\/#primaryimage\"},\"image\":{\"@id\":\"https:\\\/\\\/lamillou.ch\\\/produkt\\\/kopfkissen-baumwolle-abc-farm-l-40-x-60-cm\\\/#primaryimage\"},\"thumbnailUrl\":\"https:\\\/\\\/lamillou.ch\\\/wp-content\\\/uploads\\\/2026\\\/04\\\/image_1920_KcOpC.jpeg\",\"datePublished\":\"2026-04-08T12:09:09+00:00\",\"dateModified\":\"2026-04-17T02:06:06+00:00\",\"description\":\"Ein klassisches Kinderkissen mit einer d\u00fcnnen F\u00fcllung f\u00fcr einen bequemen Schlaf bei Tag und Nacht. Das Kissen ist beidseitig aus Baumwolle und hat eine\",\"breadcrumb\":{\"@id\":\"https:\\\/\\\/lamillou.ch\\\/produkt\\\/kopfkissen-baumwolle-abc-farm-l-40-x-60-cm\\\/#breadcrumb\"},\"inLanguage\":\"en-GB\",\"potentialAction\":[{\"@type\":\"ReadAction\",\"target\":[\"https:\\\/\\\/lamillou.ch\\\/produkt\\\/kopfkissen-baumwolle-abc-farm-l-40-x-60-cm\\\/\"]}]},{\"@type\":\"ImageObject\",\"inLanguage\":\"en-GB\",\"@id\":\"https:\\\/\\\/lamillou.ch\\\/produkt\\\/kopfkissen-baumwolle-abc-farm-l-40-x-60-cm\\\/#primaryimage\",\"url\":\"https:\\\/\\\/lamillou.ch\\\/wp-content\\\/uploads\\\/2026\\\/04\\\/image_1920_KcOpC.jpeg\",\"contentUrl\":\"https:\\\/\\\/lamillou.ch\\\/wp-content\\\/uploads\\\/2026\\\/04\\\/image_1920_KcOpC.jpeg\",\"width\":1920,\"height\":1920,\"caption\":\"Kopfkissen Baumwolle ABC FARM - L - 40 x 60 cm Hauptbild\"},{\"@type\":\"BreadcrumbList\",\"@id\":\"https:\\\/\\\/lamillou.ch\\\/produkt\\\/kopfkissen-baumwolle-abc-farm-l-40-x-60-cm\\\/#breadcrumb\",\"itemListElement\":[{\"@type\":\"ListItem\",\"position\":1,\"name\":\"Home\",\"item\":\"https:\\\/\\\/lamillou.ch\\\/\"},{\"@type\":\"ListItem\",\"position\":2,\"name\":\"Shop\",\"item\":\"https:\\\/\\\/lamillou.ch\\\/shop\\\/\"},{\"@type\":\"ListItem\",\"position\":3,\"name\":\"Kopfkissen Baumwolle ABC FARM &#8211; L &#8211; 40 x 60 cm\"}]},{\"@type\":\"WebSite\",\"@id\":\"https:\\\/\\\/lamillou.ch\\\/#website\",\"url\":\"https:\\\/\\\/lamillou.ch\\\/\",\"name\":\"lamillou.ch\",\"description\":\"\",\"potentialAction\":[{\"@type\":\"SearchAction\",\"target\":{\"@type\":\"EntryPoint\",\"urlTemplate\":\"https:\\\/\\\/lamillou.ch\\\/?s={search_term_string}\"},\"query-input\":{\"@type\":\"PropertyValueSpecification\",\"valueRequired\":true,\"valueName\":\"search_term_string\"}}],\"inLanguage\":\"en-GB\"}]}<\/script>\n<!-- \/ Yoast SEO plugin. -->","yoast_head_json":{"title":"Kopfkissen Baumwolle ABC FARM - L - 40 x 60 cm - lamillou.ch","description":"Ein klassisches Kinderkissen mit einer d\u00fcnnen F\u00fcllung f\u00fcr einen bequemen Schlaf bei Tag und Nacht. Das Kissen ist beidseitig aus Baumwolle und hat eine","robots":{"index":"index","follow":"follow","max-snippet":"max-snippet:-1","max-image-preview":"max-image-preview:large","max-video-preview":"max-video-preview:-1"},"canonical":"https:\/\/lamillou.ch\/en\/product\/kopfkissen-baumwolle-abc-farm-l-40-x-60-cm\/","og_locale":"en_GB","og_type":"article","og_title":"Kopfkissen Baumwolle ABC FARM - L - 40 x 60 cm - lamillou.ch","og_description":"Ein klassisches Kinderkissen mit einer d\u00fcnnen F\u00fcllung f\u00fcr einen bequemen Schlaf bei Tag und Nacht. Das Kissen ist beidseitig aus Baumwolle und hat eine","og_url":"https:\/\/lamillou.ch\/en\/product\/kopfkissen-baumwolle-abc-farm-l-40-x-60-cm\/","og_site_name":"lamillou.ch","article_modified_time":"2026-04-17T02:06:06+00:00","og_image":[{"width":1920,"height":1920,"url":"https:\/\/lamillou.ch\/wp-content\/uploads\/2026\/04\/image_1920_KcOpC.jpeg","type":"image\/jpeg"}],"twitter_card":"summary_large_image","schema":{"@context":"https:\/\/schema.org","@graph":[{"@type":"WebPage","@id":"https:\/\/lamillou.ch\/produkt\/kopfkissen-baumwolle-abc-farm-l-40-x-60-cm\/","url":"https:\/\/lamillou.ch\/produkt\/kopfkissen-baumwolle-abc-farm-l-40-x-60-cm\/","name":"Kopfkissen Baumwolle ABC FARM - L - 40 x 60 cm - lamillou.ch","isPartOf":{"@id":"https:\/\/lamillou.ch\/#website"},"primaryImageOfPage":{"@id":"https:\/\/lamillou.ch\/produkt\/kopfkissen-baumwolle-abc-farm-l-40-x-60-cm\/#primaryimage"},"image":{"@id":"https:\/\/lamillou.ch\/produkt\/kopfkissen-baumwolle-abc-farm-l-40-x-60-cm\/#primaryimage"},"thumbnailUrl":"https:\/\/lamillou.ch\/wp-content\/uploads\/2026\/04\/image_1920_KcOpC.jpeg","datePublished":"2026-04-08T12:09:09+00:00","dateModified":"2026-04-17T02:06:06+00:00","description":"Ein klassisches Kinderkissen mit einer d\u00fcnnen F\u00fcllung f\u00fcr einen bequemen Schlaf bei Tag und Nacht. Das Kissen ist beidseitig aus Baumwolle und hat eine","breadcrumb":{"@id":"https:\/\/lamillou.ch\/produkt\/kopfkissen-baumwolle-abc-farm-l-40-x-60-cm\/#breadcrumb"},"inLanguage":"en-GB","potentialAction":[{"@type":"ReadAction","target":["https:\/\/lamillou.ch\/produkt\/kopfkissen-baumwolle-abc-farm-l-40-x-60-cm\/"]}]},{"@type":"ImageObject","inLanguage":"en-GB","@id":"https:\/\/lamillou.ch\/produkt\/kopfkissen-baumwolle-abc-farm-l-40-x-60-cm\/#primaryimage","url":"https:\/\/lamillou.ch\/wp-content\/uploads\/2026\/04\/image_1920_KcOpC.jpeg","contentUrl":"https:\/\/lamillou.ch\/wp-content\/uploads\/2026\/04\/image_1920_KcOpC.jpeg","width":1920,"height":1920,"caption":"Kopfkissen Baumwolle ABC FARM - L - 40 x 60 cm Hauptbild"},{"@type":"BreadcrumbList","@id":"https:\/\/lamillou.ch\/produkt\/kopfkissen-baumwolle-abc-farm-l-40-x-60-cm\/#breadcrumb","itemListElement":[{"@type":"ListItem","position":1,"name":"Home","item":"https:\/\/lamillou.ch\/"},{"@type":"ListItem","position":2,"name":"Shop","item":"https:\/\/lamillou.ch\/shop\/"},{"@type":"ListItem","position":3,"name":"Kopfkissen Baumwolle ABC FARM &#8211; L &#8211; 40 x 60 cm"}]},{"@type":"WebSite","@id":"https:\/\/lamillou.ch\/#website","url":"https:\/\/lamillou.ch\/","name":"lamillou.ch","description":"","potentialAction":[{"@type":"SearchAction","target":{"@type":"EntryPoint","urlTemplate":"https:\/\/lamillou.ch\/?s={search_term_string}"},"query-input":{"@type":"PropertyValueSpecification","valueRequired":true,"valueName":"search_term_string"}}],"inLanguage":"en-GB"}]}},"_links":{"self":[{"href":"https:\/\/lamillou.ch\/en\/wp-json\/wp\/v2\/product\/29313","targetHints":{"allow":["GET"]}}],"collection":[{"href":"https:\/\/lamillou.ch\/en\/wp-json\/wp\/v2\/product"}],"about":[{"href":"https:\/\/lamillou.ch\/en\/wp-json\/wp\/v2\/types\/product"}],"replies":[{"embeddable":true,"href":"https:\/\/lamillou.ch\/en\/wp-json\/wp\/v2\/comments?post=29313"}],"version-history":[{"count":0,"href":"https:\/\/lamillou.ch\/en\/wp-json\/wp\/v2\/product\/29313\/revisions"}],"wp:featuredmedia":[{"embeddable":true,"href":"https:\/\/lamillou.ch\/en\/wp-json\/wp\/v2\/media\/32110"}],"wp:attachment":[{"href":"https:\/\/lamillou.ch\/en\/wp-json\/wp\/v2\/media?parent=29313"}],"wp:term":[{"taxonomy":"product_brand","embeddable":true,"href":"https:\/\/lamillou.ch\/en\/wp-json\/wp\/v2\/product_brand?post=29313"},{"taxonomy":"product_cat","embeddable":true,"href":"https:\/\/lamillou.ch\/en\/wp-json\/wp\/v2\/product_cat?post=29313"},{"taxonomy":"product_tag","embeddable":true,"href":"https:\/\/lamillou.ch\/en\/wp-json\/wp\/v2\/product_tag?post=29313"}],"curies":[{"name":"wp","href":"https:\/\/api.w.org\/{rel}","templated":true}]}}