{"id":29287,"date":"2026-04-08T13:09:04","date_gmt":"2026-04-08T12:09:04","guid":{"rendered":"https:\/\/lamillou.ch\/produkt\/taschengurt-khaki\/"},"modified":"2026-04-17T07:04:29","modified_gmt":"2026-04-17T06:04:29","slug":"taschengurt-khaki","status":"publish","type":"product","link":"https:\/\/lamillou.ch\/en\/product\/taschengurt-khaki\/","title":{"rendered":"Taschengurt KHAKI"},"content":{"rendered":"<p>Der G\u00fcrtel besteht aus 100 % \u00d6ko-Leder in einer braunen Farbe, die zur gesamten limitierten Alaska-Kollektion passt. Es kann mit einer Tasche oder mit einem Kinderwagen-Organizer verwendet werden. Der Riemen ist verstellbar und mit Edelstahlgriffen versehen. Das Produkt wird von Hand mit h\u00f6chster Genauigkeit und unter Verwendung der besten Materialien gen\u00e4ht und mit einem Herzanh\u00e4nger verziert. Es ist perfekt als stilvolles und ungew\u00f6hnliches Geschenk f\u00fcr jede Mutter. Das Produkt sollte unter Aufsicht eines Elternteils verwendet werden.<\/p>","protected":false},"excerpt":{"rendered":"<p>Der G\u00fcrtel besteht aus 100 % \u00d6ko-Leder in einer braunen Farbe, die zur gesamten limitierten Alaska-Kollektion passt. Es kann mit<\/p>","protected":false},"featured_media":32136,"comment_status":"open","ping_status":"closed","template":"","meta":[],"product_brand":[88],"product_cat":[259],"product_tag":[],"class_list":{"0":"post-29287","1":"product","2":"type-product","3":"status-publish","4":"has-post-thumbnail","6":"product_brand-la-millou","7":"product_cat-taschengurte","9":"first","10":"instock","11":"taxable","12":"shipping-taxable","13":"purchasable","14":"product-type-simple"},"yoast_head":"<!-- This site is optimized with the Yoast SEO plugin v27.3 - https:\/\/yoast.com\/product\/yoast-seo-wordpress\/ -->\n<title>Taschengurt KHAKI - lamillou.ch<\/title>\n<meta name=\"description\" content=\"Der G\u00fcrtel besteht aus 100 % \u00d6ko-Leder in einer braunen Farbe, die zur gesamten limitierten Alaska-Kollektion passt. Es kann mit einer Tasche oder mit\" \/>\n<meta name=\"robots\" content=\"index, follow, max-snippet:-1, max-image-preview:large, max-video-preview:-1\" \/>\n<link rel=\"canonical\" href=\"https:\/\/lamillou.ch\/en\/product\/taschengurt-khaki\/\" \/>\n<meta property=\"og:locale\" content=\"en_GB\" \/>\n<meta property=\"og:type\" content=\"article\" \/>\n<meta property=\"og:title\" content=\"Taschengurt KHAKI - lamillou.ch\" \/>\n<meta property=\"og:description\" content=\"Der G\u00fcrtel besteht aus 100 % \u00d6ko-Leder in einer braunen Farbe, die zur gesamten limitierten Alaska-Kollektion passt. Es kann mit einer Tasche oder mit\" \/>\n<meta property=\"og:url\" content=\"https:\/\/lamillou.ch\/en\/product\/taschengurt-khaki\/\" \/>\n<meta property=\"og:site_name\" content=\"lamillou.ch\" \/>\n<meta property=\"article:modified_time\" content=\"2026-04-17T06:04:29+00:00\" \/>\n<meta property=\"og:image\" content=\"https:\/\/lamillou.ch\/wp-content\/uploads\/2026\/04\/image_1920_mMB49.jpeg\" \/>\n\t<meta property=\"og:image:width\" content=\"1920\" \/>\n\t<meta property=\"og:image:height\" content=\"1920\" \/>\n\t<meta property=\"og:image:type\" content=\"image\/jpeg\" \/>\n<meta name=\"twitter:card\" content=\"summary_large_image\" \/>\n<script type=\"application\/ld+json\" class=\"yoast-schema-graph\">{\"@context\":\"https:\\\/\\\/schema.org\",\"@graph\":[{\"@type\":\"WebPage\",\"@id\":\"https:\\\/\\\/lamillou.ch\\\/produkt\\\/taschengurt-khaki\\\/\",\"url\":\"https:\\\/\\\/lamillou.ch\\\/produkt\\\/taschengurt-khaki\\\/\",\"name\":\"Taschengurt KHAKI - lamillou.ch\",\"isPartOf\":{\"@id\":\"https:\\\/\\\/lamillou.ch\\\/#website\"},\"primaryImageOfPage\":{\"@id\":\"https:\\\/\\\/lamillou.ch\\\/produkt\\\/taschengurt-khaki\\\/#primaryimage\"},\"image\":{\"@id\":\"https:\\\/\\\/lamillou.ch\\\/produkt\\\/taschengurt-khaki\\\/#primaryimage\"},\"thumbnailUrl\":\"https:\\\/\\\/lamillou.ch\\\/wp-content\\\/uploads\\\/2026\\\/04\\\/image_1920_mMB49.jpeg\",\"datePublished\":\"2026-04-08T12:09:04+00:00\",\"dateModified\":\"2026-04-17T06:04:29+00:00\",\"description\":\"Der G\u00fcrtel besteht aus 100 % \u00d6ko-Leder in einer braunen Farbe, die zur gesamten limitierten Alaska-Kollektion passt. Es kann mit einer Tasche oder mit\",\"breadcrumb\":{\"@id\":\"https:\\\/\\\/lamillou.ch\\\/produkt\\\/taschengurt-khaki\\\/#breadcrumb\"},\"inLanguage\":\"en-GB\",\"potentialAction\":[{\"@type\":\"ReadAction\",\"target\":[\"https:\\\/\\\/lamillou.ch\\\/produkt\\\/taschengurt-khaki\\\/\"]}]},{\"@type\":\"ImageObject\",\"inLanguage\":\"en-GB\",\"@id\":\"https:\\\/\\\/lamillou.ch\\\/produkt\\\/taschengurt-khaki\\\/#primaryimage\",\"url\":\"https:\\\/\\\/lamillou.ch\\\/wp-content\\\/uploads\\\/2026\\\/04\\\/image_1920_mMB49.jpeg\",\"contentUrl\":\"https:\\\/\\\/lamillou.ch\\\/wp-content\\\/uploads\\\/2026\\\/04\\\/image_1920_mMB49.jpeg\",\"width\":1920,\"height\":1920,\"caption\":\"Taschengurt KHAKI Hauptbild\"},{\"@type\":\"BreadcrumbList\",\"@id\":\"https:\\\/\\\/lamillou.ch\\\/produkt\\\/taschengurt-khaki\\\/#breadcrumb\",\"itemListElement\":[{\"@type\":\"ListItem\",\"position\":1,\"name\":\"Home\",\"item\":\"https:\\\/\\\/lamillou.ch\\\/\"},{\"@type\":\"ListItem\",\"position\":2,\"name\":\"Shop\",\"item\":\"https:\\\/\\\/lamillou.ch\\\/shop\\\/\"},{\"@type\":\"ListItem\",\"position\":3,\"name\":\"Taschengurt KHAKI\"}]},{\"@type\":\"WebSite\",\"@id\":\"https:\\\/\\\/lamillou.ch\\\/#website\",\"url\":\"https:\\\/\\\/lamillou.ch\\\/\",\"name\":\"lamillou.ch\",\"description\":\"\",\"potentialAction\":[{\"@type\":\"SearchAction\",\"target\":{\"@type\":\"EntryPoint\",\"urlTemplate\":\"https:\\\/\\\/lamillou.ch\\\/?s={search_term_string}\"},\"query-input\":{\"@type\":\"PropertyValueSpecification\",\"valueRequired\":true,\"valueName\":\"search_term_string\"}}],\"inLanguage\":\"en-GB\"}]}<\/script>\n<!-- \/ Yoast SEO plugin. -->","yoast_head_json":{"title":"Taschengurt KHAKI - lamillou.ch","description":"Der G\u00fcrtel besteht aus 100 % \u00d6ko-Leder in einer braunen Farbe, die zur gesamten limitierten Alaska-Kollektion passt. Es kann mit einer Tasche oder mit","robots":{"index":"index","follow":"follow","max-snippet":"max-snippet:-1","max-image-preview":"max-image-preview:large","max-video-preview":"max-video-preview:-1"},"canonical":"https:\/\/lamillou.ch\/en\/product\/taschengurt-khaki\/","og_locale":"en_GB","og_type":"article","og_title":"Taschengurt KHAKI - lamillou.ch","og_description":"Der G\u00fcrtel besteht aus 100 % \u00d6ko-Leder in einer braunen Farbe, die zur gesamten limitierten Alaska-Kollektion passt. Es kann mit einer Tasche oder mit","og_url":"https:\/\/lamillou.ch\/en\/product\/taschengurt-khaki\/","og_site_name":"lamillou.ch","article_modified_time":"2026-04-17T06:04:29+00:00","og_image":[{"width":1920,"height":1920,"url":"https:\/\/lamillou.ch\/wp-content\/uploads\/2026\/04\/image_1920_mMB49.jpeg","type":"image\/jpeg"}],"twitter_card":"summary_large_image","schema":{"@context":"https:\/\/schema.org","@graph":[{"@type":"WebPage","@id":"https:\/\/lamillou.ch\/produkt\/taschengurt-khaki\/","url":"https:\/\/lamillou.ch\/produkt\/taschengurt-khaki\/","name":"Taschengurt KHAKI - lamillou.ch","isPartOf":{"@id":"https:\/\/lamillou.ch\/#website"},"primaryImageOfPage":{"@id":"https:\/\/lamillou.ch\/produkt\/taschengurt-khaki\/#primaryimage"},"image":{"@id":"https:\/\/lamillou.ch\/produkt\/taschengurt-khaki\/#primaryimage"},"thumbnailUrl":"https:\/\/lamillou.ch\/wp-content\/uploads\/2026\/04\/image_1920_mMB49.jpeg","datePublished":"2026-04-08T12:09:04+00:00","dateModified":"2026-04-17T06:04:29+00:00","description":"Der G\u00fcrtel besteht aus 100 % \u00d6ko-Leder in einer braunen Farbe, die zur gesamten limitierten Alaska-Kollektion passt. Es kann mit einer Tasche oder mit","breadcrumb":{"@id":"https:\/\/lamillou.ch\/produkt\/taschengurt-khaki\/#breadcrumb"},"inLanguage":"en-GB","potentialAction":[{"@type":"ReadAction","target":["https:\/\/lamillou.ch\/produkt\/taschengurt-khaki\/"]}]},{"@type":"ImageObject","inLanguage":"en-GB","@id":"https:\/\/lamillou.ch\/produkt\/taschengurt-khaki\/#primaryimage","url":"https:\/\/lamillou.ch\/wp-content\/uploads\/2026\/04\/image_1920_mMB49.jpeg","contentUrl":"https:\/\/lamillou.ch\/wp-content\/uploads\/2026\/04\/image_1920_mMB49.jpeg","width":1920,"height":1920,"caption":"Taschengurt KHAKI Hauptbild"},{"@type":"BreadcrumbList","@id":"https:\/\/lamillou.ch\/produkt\/taschengurt-khaki\/#breadcrumb","itemListElement":[{"@type":"ListItem","position":1,"name":"Home","item":"https:\/\/lamillou.ch\/"},{"@type":"ListItem","position":2,"name":"Shop","item":"https:\/\/lamillou.ch\/shop\/"},{"@type":"ListItem","position":3,"name":"Taschengurt KHAKI"}]},{"@type":"WebSite","@id":"https:\/\/lamillou.ch\/#website","url":"https:\/\/lamillou.ch\/","name":"lamillou.ch","description":"","potentialAction":[{"@type":"SearchAction","target":{"@type":"EntryPoint","urlTemplate":"https:\/\/lamillou.ch\/?s={search_term_string}"},"query-input":{"@type":"PropertyValueSpecification","valueRequired":true,"valueName":"search_term_string"}}],"inLanguage":"en-GB"}]}},"_links":{"self":[{"href":"https:\/\/lamillou.ch\/en\/wp-json\/wp\/v2\/product\/29287","targetHints":{"allow":["GET"]}}],"collection":[{"href":"https:\/\/lamillou.ch\/en\/wp-json\/wp\/v2\/product"}],"about":[{"href":"https:\/\/lamillou.ch\/en\/wp-json\/wp\/v2\/types\/product"}],"replies":[{"embeddable":true,"href":"https:\/\/lamillou.ch\/en\/wp-json\/wp\/v2\/comments?post=29287"}],"version-history":[{"count":0,"href":"https:\/\/lamillou.ch\/en\/wp-json\/wp\/v2\/product\/29287\/revisions"}],"wp:featuredmedia":[{"embeddable":true,"href":"https:\/\/lamillou.ch\/en\/wp-json\/wp\/v2\/media\/32136"}],"wp:attachment":[{"href":"https:\/\/lamillou.ch\/en\/wp-json\/wp\/v2\/media?parent=29287"}],"wp:term":[{"taxonomy":"product_brand","embeddable":true,"href":"https:\/\/lamillou.ch\/en\/wp-json\/wp\/v2\/product_brand?post=29287"},{"taxonomy":"product_cat","embeddable":true,"href":"https:\/\/lamillou.ch\/en\/wp-json\/wp\/v2\/product_cat?post=29287"},{"taxonomy":"product_tag","embeddable":true,"href":"https:\/\/lamillou.ch\/en\/wp-json\/wp\/v2\/product_tag?post=29287"}],"curies":[{"name":"wp","href":"https:\/\/api.w.org\/{rel}","templated":true}]}}