{"id":29274,"date":"2026-04-08T13:09:03","date_gmt":"2026-04-08T12:09:03","guid":{"rendered":"https:\/\/lamillou.ch\/produkt\/oma-danas-henne-kissen-minky-boho-royal-arrows-dark-grey\/"},"modified":"2026-04-16T23:03:39","modified_gmt":"2026-04-16T22:03:39","slug":"oma-danas-henne-kissen-minky-boho-royal-arrows-dark-grey","status":"publish","type":"product","link":"https:\/\/lamillou.ch\/en\/product\/oma-danas-henne-kissen-minky-boho-royal-arrows-dark-grey\/","title":{"rendered":"Oma Dana&#8217;s Henne Kissen Minky BOHO ROYAL ARROWS dark grey"},"content":{"rendered":"<p>Ein weiches, elastisches und universelles Stillkissen. Die Henne von Oma Dana ist unser ikonisches Produkt und wird perfekt sein: w\u00e4hrend der Schwangerschaft, zum Schlafen und Ausruhen, dann wird es das perfekte Kissen zum F\u00fcttern oder Spielen mit Ihrem Baby sein. Auch auf Reisen oder bei der Arbeit ist unser Kissen super (Laptop-Auflage). Aus weichem Minky, gef\u00fcllt mit zertifiziertem, antiallergischem Silikonflaum, wodurch es unglaublich elastisch ist und sich perfekt an unsere Bed\u00fcrfnisse anpasst. Bei La Millou sagen wir immer, dass jeder sein eigenes Huhn haben sollte, also w\u00e4hlen Sie das perfekte Kissen f\u00fcr sich selbst und werden Sie sein n\u00e4chster Liebhaber, wir versprechen Ihnen, dass Sie es vom ersten Gebrauch an lieben werden!<\/p>","protected":false},"excerpt":{"rendered":"<p>Ein weiches, elastisches und universelles Stillkissen. Die Henne von Oma Dana ist unser ikonisches Produkt und wird perfekt sein: w\u00e4hrend<\/p>","protected":false},"featured_media":32149,"comment_status":"open","ping_status":"closed","template":"","meta":[],"product_brand":[88],"product_cat":[257],"product_tag":[],"class_list":{"0":"post-29274","1":"product","2":"type-product","3":"status-publish","4":"has-post-thumbnail","6":"product_brand-la-millou","7":"product_cat-kissen-oma-danas-henne","9":"first","10":"instock","11":"taxable","12":"shipping-taxable","13":"purchasable","14":"product-type-simple"},"yoast_head":"<!-- This site is optimized with the Yoast SEO plugin v27.3 - https:\/\/yoast.com\/product\/yoast-seo-wordpress\/ -->\n<title>Oma Dana&#039;s Henne Kissen Minky BOHO ROYAL ARROWS dark grey - lamillou.ch<\/title>\n<meta name=\"description\" content=\"Ein weiches, elastisches und universelles Stillkissen. Die Henne von Oma Dana ist unser ikonisches Produkt und wird perfekt sein: w\u00e4hrend der\" \/>\n<meta name=\"robots\" content=\"index, follow, max-snippet:-1, max-image-preview:large, max-video-preview:-1\" \/>\n<link rel=\"canonical\" href=\"https:\/\/lamillou.ch\/en\/product\/oma-danas-henne-kissen-minky-boho-royal-arrows-dark-grey\/\" \/>\n<meta property=\"og:locale\" content=\"en_GB\" \/>\n<meta property=\"og:type\" content=\"article\" \/>\n<meta property=\"og:title\" content=\"Oma Dana&#039;s Henne Kissen Minky BOHO ROYAL ARROWS dark grey - lamillou.ch\" \/>\n<meta property=\"og:description\" content=\"Ein weiches, elastisches und universelles Stillkissen. Die Henne von Oma Dana ist unser ikonisches Produkt und wird perfekt sein: w\u00e4hrend der\" \/>\n<meta property=\"og:url\" content=\"https:\/\/lamillou.ch\/en\/product\/oma-danas-henne-kissen-minky-boho-royal-arrows-dark-grey\/\" \/>\n<meta property=\"og:site_name\" content=\"lamillou.ch\" \/>\n<meta property=\"article:modified_time\" content=\"2026-04-16T22:03:39+00:00\" \/>\n<meta property=\"og:image\" content=\"https:\/\/lamillou.ch\/wp-content\/uploads\/2026\/04\/image_1920_Ah9Ih.jpeg\" \/>\n\t<meta property=\"og:image:width\" content=\"360\" \/>\n\t<meta property=\"og:image:height\" content=\"360\" \/>\n\t<meta property=\"og:image:type\" content=\"image\/jpeg\" \/>\n<meta name=\"twitter:card\" content=\"summary_large_image\" \/>\n<meta name=\"twitter:label1\" content=\"Estimated reading time\" \/>\n\t<meta name=\"twitter:data1\" content=\"1 minute\" \/>\n<script type=\"application\/ld+json\" class=\"yoast-schema-graph\">{\"@context\":\"https:\\\/\\\/schema.org\",\"@graph\":[{\"@type\":\"WebPage\",\"@id\":\"https:\\\/\\\/lamillou.ch\\\/produkt\\\/oma-danas-henne-kissen-minky-boho-royal-arrows-dark-grey\\\/\",\"url\":\"https:\\\/\\\/lamillou.ch\\\/produkt\\\/oma-danas-henne-kissen-minky-boho-royal-arrows-dark-grey\\\/\",\"name\":\"Oma Dana's Henne Kissen Minky BOHO ROYAL ARROWS dark grey - lamillou.ch\",\"isPartOf\":{\"@id\":\"https:\\\/\\\/lamillou.ch\\\/#website\"},\"primaryImageOfPage\":{\"@id\":\"https:\\\/\\\/lamillou.ch\\\/produkt\\\/oma-danas-henne-kissen-minky-boho-royal-arrows-dark-grey\\\/#primaryimage\"},\"image\":{\"@id\":\"https:\\\/\\\/lamillou.ch\\\/produkt\\\/oma-danas-henne-kissen-minky-boho-royal-arrows-dark-grey\\\/#primaryimage\"},\"thumbnailUrl\":\"https:\\\/\\\/lamillou.ch\\\/wp-content\\\/uploads\\\/2026\\\/04\\\/image_1920_Ah9Ih.jpeg\",\"datePublished\":\"2026-04-08T12:09:03+00:00\",\"dateModified\":\"2026-04-16T22:03:39+00:00\",\"description\":\"Ein weiches, elastisches und universelles Stillkissen. Die Henne von Oma Dana ist unser ikonisches Produkt und wird perfekt sein: w\u00e4hrend der\",\"breadcrumb\":{\"@id\":\"https:\\\/\\\/lamillou.ch\\\/produkt\\\/oma-danas-henne-kissen-minky-boho-royal-arrows-dark-grey\\\/#breadcrumb\"},\"inLanguage\":\"en-GB\",\"potentialAction\":[{\"@type\":\"ReadAction\",\"target\":[\"https:\\\/\\\/lamillou.ch\\\/produkt\\\/oma-danas-henne-kissen-minky-boho-royal-arrows-dark-grey\\\/\"]}]},{\"@type\":\"ImageObject\",\"inLanguage\":\"en-GB\",\"@id\":\"https:\\\/\\\/lamillou.ch\\\/produkt\\\/oma-danas-henne-kissen-minky-boho-royal-arrows-dark-grey\\\/#primaryimage\",\"url\":\"https:\\\/\\\/lamillou.ch\\\/wp-content\\\/uploads\\\/2026\\\/04\\\/image_1920_Ah9Ih.jpeg\",\"contentUrl\":\"https:\\\/\\\/lamillou.ch\\\/wp-content\\\/uploads\\\/2026\\\/04\\\/image_1920_Ah9Ih.jpeg\",\"width\":360,\"height\":360,\"caption\":\"Oma Dana's Henne Kissen Minky BOHO ROYAL ARROWS dark grey Hauptbild\"},{\"@type\":\"BreadcrumbList\",\"@id\":\"https:\\\/\\\/lamillou.ch\\\/produkt\\\/oma-danas-henne-kissen-minky-boho-royal-arrows-dark-grey\\\/#breadcrumb\",\"itemListElement\":[{\"@type\":\"ListItem\",\"position\":1,\"name\":\"Home\",\"item\":\"https:\\\/\\\/lamillou.ch\\\/\"},{\"@type\":\"ListItem\",\"position\":2,\"name\":\"Shop\",\"item\":\"https:\\\/\\\/lamillou.ch\\\/shop\\\/\"},{\"@type\":\"ListItem\",\"position\":3,\"name\":\"Oma Dana&#8217;s Henne Kissen Minky BOHO ROYAL ARROWS dark grey\"}]},{\"@type\":\"WebSite\",\"@id\":\"https:\\\/\\\/lamillou.ch\\\/#website\",\"url\":\"https:\\\/\\\/lamillou.ch\\\/\",\"name\":\"lamillou.ch\",\"description\":\"\",\"potentialAction\":[{\"@type\":\"SearchAction\",\"target\":{\"@type\":\"EntryPoint\",\"urlTemplate\":\"https:\\\/\\\/lamillou.ch\\\/?s={search_term_string}\"},\"query-input\":{\"@type\":\"PropertyValueSpecification\",\"valueRequired\":true,\"valueName\":\"search_term_string\"}}],\"inLanguage\":\"en-GB\"}]}<\/script>\n<!-- \/ Yoast SEO plugin. -->","yoast_head_json":{"title":"Oma Dana's Henne Kissen Minky BOHO ROYAL ARROWS dark grey - lamillou.ch","description":"Ein weiches, elastisches und universelles Stillkissen. Die Henne von Oma Dana ist unser ikonisches Produkt und wird perfekt sein: w\u00e4hrend der","robots":{"index":"index","follow":"follow","max-snippet":"max-snippet:-1","max-image-preview":"max-image-preview:large","max-video-preview":"max-video-preview:-1"},"canonical":"https:\/\/lamillou.ch\/en\/product\/oma-danas-henne-kissen-minky-boho-royal-arrows-dark-grey\/","og_locale":"en_GB","og_type":"article","og_title":"Oma Dana's Henne Kissen Minky BOHO ROYAL ARROWS dark grey - lamillou.ch","og_description":"Ein weiches, elastisches und universelles Stillkissen. Die Henne von Oma Dana ist unser ikonisches Produkt und wird perfekt sein: w\u00e4hrend der","og_url":"https:\/\/lamillou.ch\/en\/product\/oma-danas-henne-kissen-minky-boho-royal-arrows-dark-grey\/","og_site_name":"lamillou.ch","article_modified_time":"2026-04-16T22:03:39+00:00","og_image":[{"width":360,"height":360,"url":"https:\/\/lamillou.ch\/wp-content\/uploads\/2026\/04\/image_1920_Ah9Ih.jpeg","type":"image\/jpeg"}],"twitter_card":"summary_large_image","twitter_misc":{"Estimated reading time":"1 minute"},"schema":{"@context":"https:\/\/schema.org","@graph":[{"@type":"WebPage","@id":"https:\/\/lamillou.ch\/produkt\/oma-danas-henne-kissen-minky-boho-royal-arrows-dark-grey\/","url":"https:\/\/lamillou.ch\/produkt\/oma-danas-henne-kissen-minky-boho-royal-arrows-dark-grey\/","name":"Oma Dana's Henne Kissen Minky BOHO ROYAL ARROWS dark grey - lamillou.ch","isPartOf":{"@id":"https:\/\/lamillou.ch\/#website"},"primaryImageOfPage":{"@id":"https:\/\/lamillou.ch\/produkt\/oma-danas-henne-kissen-minky-boho-royal-arrows-dark-grey\/#primaryimage"},"image":{"@id":"https:\/\/lamillou.ch\/produkt\/oma-danas-henne-kissen-minky-boho-royal-arrows-dark-grey\/#primaryimage"},"thumbnailUrl":"https:\/\/lamillou.ch\/wp-content\/uploads\/2026\/04\/image_1920_Ah9Ih.jpeg","datePublished":"2026-04-08T12:09:03+00:00","dateModified":"2026-04-16T22:03:39+00:00","description":"Ein weiches, elastisches und universelles Stillkissen. Die Henne von Oma Dana ist unser ikonisches Produkt und wird perfekt sein: w\u00e4hrend der","breadcrumb":{"@id":"https:\/\/lamillou.ch\/produkt\/oma-danas-henne-kissen-minky-boho-royal-arrows-dark-grey\/#breadcrumb"},"inLanguage":"en-GB","potentialAction":[{"@type":"ReadAction","target":["https:\/\/lamillou.ch\/produkt\/oma-danas-henne-kissen-minky-boho-royal-arrows-dark-grey\/"]}]},{"@type":"ImageObject","inLanguage":"en-GB","@id":"https:\/\/lamillou.ch\/produkt\/oma-danas-henne-kissen-minky-boho-royal-arrows-dark-grey\/#primaryimage","url":"https:\/\/lamillou.ch\/wp-content\/uploads\/2026\/04\/image_1920_Ah9Ih.jpeg","contentUrl":"https:\/\/lamillou.ch\/wp-content\/uploads\/2026\/04\/image_1920_Ah9Ih.jpeg","width":360,"height":360,"caption":"Oma Dana's Henne Kissen Minky BOHO ROYAL ARROWS dark grey Hauptbild"},{"@type":"BreadcrumbList","@id":"https:\/\/lamillou.ch\/produkt\/oma-danas-henne-kissen-minky-boho-royal-arrows-dark-grey\/#breadcrumb","itemListElement":[{"@type":"ListItem","position":1,"name":"Home","item":"https:\/\/lamillou.ch\/"},{"@type":"ListItem","position":2,"name":"Shop","item":"https:\/\/lamillou.ch\/shop\/"},{"@type":"ListItem","position":3,"name":"Oma Dana&#8217;s Henne Kissen Minky BOHO ROYAL ARROWS dark grey"}]},{"@type":"WebSite","@id":"https:\/\/lamillou.ch\/#website","url":"https:\/\/lamillou.ch\/","name":"lamillou.ch","description":"","potentialAction":[{"@type":"SearchAction","target":{"@type":"EntryPoint","urlTemplate":"https:\/\/lamillou.ch\/?s={search_term_string}"},"query-input":{"@type":"PropertyValueSpecification","valueRequired":true,"valueName":"search_term_string"}}],"inLanguage":"en-GB"}]}},"_links":{"self":[{"href":"https:\/\/lamillou.ch\/en\/wp-json\/wp\/v2\/product\/29274","targetHints":{"allow":["GET"]}}],"collection":[{"href":"https:\/\/lamillou.ch\/en\/wp-json\/wp\/v2\/product"}],"about":[{"href":"https:\/\/lamillou.ch\/en\/wp-json\/wp\/v2\/types\/product"}],"replies":[{"embeddable":true,"href":"https:\/\/lamillou.ch\/en\/wp-json\/wp\/v2\/comments?post=29274"}],"version-history":[{"count":1,"href":"https:\/\/lamillou.ch\/en\/wp-json\/wp\/v2\/product\/29274\/revisions"}],"predecessor-version":[{"id":30628,"href":"https:\/\/lamillou.ch\/en\/wp-json\/wp\/v2\/product\/29274\/revisions\/30628"}],"wp:featuredmedia":[{"embeddable":true,"href":"https:\/\/lamillou.ch\/en\/wp-json\/wp\/v2\/media\/32149"}],"wp:attachment":[{"href":"https:\/\/lamillou.ch\/en\/wp-json\/wp\/v2\/media?parent=29274"}],"wp:term":[{"taxonomy":"product_brand","embeddable":true,"href":"https:\/\/lamillou.ch\/en\/wp-json\/wp\/v2\/product_brand?post=29274"},{"taxonomy":"product_cat","embeddable":true,"href":"https:\/\/lamillou.ch\/en\/wp-json\/wp\/v2\/product_cat?post=29274"},{"taxonomy":"product_tag","embeddable":true,"href":"https:\/\/lamillou.ch\/en\/wp-json\/wp\/v2\/product_tag?post=29274"}],"curies":[{"name":"wp","href":"https:\/\/api.w.org\/{rel}","templated":true}]}}