{"id":29261,"date":"2026-04-08T13:08:58","date_gmt":"2026-04-08T12:08:58","guid":{"rendered":"https:\/\/lamillou.ch\/produkt\/wilde-henne-ecru\/"},"modified":"2026-04-17T03:02:25","modified_gmt":"2026-04-17T02:02:25","slug":"wilde-henne-ecru","status":"publish","type":"product","link":"https:\/\/lamillou.ch\/en\/product\/wilde-henne-ecru\/","title":{"rendered":"Wilde Henne  ECRU"},"content":{"rendered":"<p>Grandma Dana&#8217;s Wild Hen ist unsere Variation des ikonischen Kissens, das unsere Kunden lieben! Die Henne ist perfekt f\u00fcr Kinder und Erwachsene zum Schlafen, Ausruhen, Spielen, als Reisekissen oder sogar als Laptopunterlage! Dank seines einzigartigen Designs f\u00fcgt es sich in jeden Raum ein und bringt Abwechslung. Aus sch\u00f6nem, flauschigem Fell, gef\u00fcllt mit zertifizierten, antiallergischen Polyesterball, wodurch es unglaublich elastisch ist und sich perfekt an Ihre Bed\u00fcrfnisse anpasst. Bei La Millou sagen wir immer, dass jeder sein eigenes Huhn haben sollte, also w\u00e4hlen Sie das perfekte Kissen f\u00fcr sich selbst und verlieben Sie sich in es! Wir versprechen Ihnen, dass Sie sich sofort in ihn verlieben werden! Das Produkt ist f\u00fcr Kinder ab zwei Monaten geeignet.<\/p>","protected":false},"excerpt":{"rendered":"<p>Grandma Dana&#8217;s Wild Hen ist unsere Variation des ikonischen Kissens, das unsere Kunden lieben! Die Henne ist perfekt f\u00fcr Kinder<\/p>","protected":false},"featured_media":32162,"comment_status":"open","ping_status":"closed","template":"","meta":[],"product_brand":[88],"product_cat":[200],"product_tag":[],"class_list":{"0":"post-29261","1":"product","2":"type-product","3":"status-publish","4":"has-post-thumbnail","6":"product_brand-la-millou","7":"product_cat-kuscheltier","9":"first","10":"instock","11":"taxable","12":"shipping-taxable","13":"purchasable","14":"product-type-simple"},"yoast_head":"<!-- This site is optimized with the Yoast SEO plugin v27.3 - https:\/\/yoast.com\/product\/yoast-seo-wordpress\/ -->\n<title>Wilde Henne ECRU - lamillou.ch<\/title>\n<meta name=\"description\" content=\"Grandma Dana&#039;s Wild Hen ist unsere Variation des ikonischen Kissens, das unsere Kunden lieben! Die Henne ist perfekt f\u00fcr Kinder und Erwachsene zum\" \/>\n<meta name=\"robots\" content=\"index, follow, max-snippet:-1, max-image-preview:large, max-video-preview:-1\" \/>\n<link rel=\"canonical\" href=\"https:\/\/lamillou.ch\/en\/product\/wilde-henne-ecru\/\" \/>\n<meta property=\"og:locale\" content=\"en_GB\" \/>\n<meta property=\"og:type\" content=\"article\" \/>\n<meta property=\"og:title\" content=\"Wilde Henne ECRU - lamillou.ch\" \/>\n<meta property=\"og:description\" content=\"Grandma Dana&#039;s Wild Hen ist unsere Variation des ikonischen Kissens, das unsere Kunden lieben! Die Henne ist perfekt f\u00fcr Kinder und Erwachsene zum\" \/>\n<meta property=\"og:url\" content=\"https:\/\/lamillou.ch\/en\/product\/wilde-henne-ecru\/\" \/>\n<meta property=\"og:site_name\" content=\"lamillou.ch\" \/>\n<meta property=\"article:modified_time\" content=\"2026-04-17T02:02:25+00:00\" \/>\n<meta property=\"og:image\" content=\"https:\/\/lamillou.ch\/wp-content\/uploads\/2026\/04\/image_1920_nTPRq.jpeg\" \/>\n\t<meta property=\"og:image:width\" content=\"1920\" \/>\n\t<meta property=\"og:image:height\" content=\"1920\" \/>\n\t<meta property=\"og:image:type\" content=\"image\/jpeg\" \/>\n<meta name=\"twitter:card\" content=\"summary_large_image\" \/>\n<meta name=\"twitter:label1\" content=\"Estimated reading time\" \/>\n\t<meta name=\"twitter:data1\" content=\"1 minute\" \/>\n<script type=\"application\/ld+json\" class=\"yoast-schema-graph\">{\"@context\":\"https:\\\/\\\/schema.org\",\"@graph\":[{\"@type\":\"WebPage\",\"@id\":\"https:\\\/\\\/lamillou.ch\\\/produkt\\\/wilde-henne-ecru\\\/\",\"url\":\"https:\\\/\\\/lamillou.ch\\\/produkt\\\/wilde-henne-ecru\\\/\",\"name\":\"Wilde Henne ECRU - lamillou.ch\",\"isPartOf\":{\"@id\":\"https:\\\/\\\/lamillou.ch\\\/#website\"},\"primaryImageOfPage\":{\"@id\":\"https:\\\/\\\/lamillou.ch\\\/produkt\\\/wilde-henne-ecru\\\/#primaryimage\"},\"image\":{\"@id\":\"https:\\\/\\\/lamillou.ch\\\/produkt\\\/wilde-henne-ecru\\\/#primaryimage\"},\"thumbnailUrl\":\"https:\\\/\\\/lamillou.ch\\\/wp-content\\\/uploads\\\/2026\\\/04\\\/image_1920_nTPRq.jpeg\",\"datePublished\":\"2026-04-08T12:08:58+00:00\",\"dateModified\":\"2026-04-17T02:02:25+00:00\",\"description\":\"Grandma Dana's Wild Hen ist unsere Variation des ikonischen Kissens, das unsere Kunden lieben! Die Henne ist perfekt f\u00fcr Kinder und Erwachsene zum\",\"breadcrumb\":{\"@id\":\"https:\\\/\\\/lamillou.ch\\\/produkt\\\/wilde-henne-ecru\\\/#breadcrumb\"},\"inLanguage\":\"en-GB\",\"potentialAction\":[{\"@type\":\"ReadAction\",\"target\":[\"https:\\\/\\\/lamillou.ch\\\/produkt\\\/wilde-henne-ecru\\\/\"]}]},{\"@type\":\"ImageObject\",\"inLanguage\":\"en-GB\",\"@id\":\"https:\\\/\\\/lamillou.ch\\\/produkt\\\/wilde-henne-ecru\\\/#primaryimage\",\"url\":\"https:\\\/\\\/lamillou.ch\\\/wp-content\\\/uploads\\\/2026\\\/04\\\/image_1920_nTPRq.jpeg\",\"contentUrl\":\"https:\\\/\\\/lamillou.ch\\\/wp-content\\\/uploads\\\/2026\\\/04\\\/image_1920_nTPRq.jpeg\",\"width\":1920,\"height\":1920,\"caption\":\"Wilde Henne ECRU Hauptbild\"},{\"@type\":\"BreadcrumbList\",\"@id\":\"https:\\\/\\\/lamillou.ch\\\/produkt\\\/wilde-henne-ecru\\\/#breadcrumb\",\"itemListElement\":[{\"@type\":\"ListItem\",\"position\":1,\"name\":\"Home\",\"item\":\"https:\\\/\\\/lamillou.ch\\\/\"},{\"@type\":\"ListItem\",\"position\":2,\"name\":\"Shop\",\"item\":\"https:\\\/\\\/lamillou.ch\\\/shop\\\/\"},{\"@type\":\"ListItem\",\"position\":3,\"name\":\"Wilde Henne ECRU\"}]},{\"@type\":\"WebSite\",\"@id\":\"https:\\\/\\\/lamillou.ch\\\/#website\",\"url\":\"https:\\\/\\\/lamillou.ch\\\/\",\"name\":\"lamillou.ch\",\"description\":\"\",\"potentialAction\":[{\"@type\":\"SearchAction\",\"target\":{\"@type\":\"EntryPoint\",\"urlTemplate\":\"https:\\\/\\\/lamillou.ch\\\/?s={search_term_string}\"},\"query-input\":{\"@type\":\"PropertyValueSpecification\",\"valueRequired\":true,\"valueName\":\"search_term_string\"}}],\"inLanguage\":\"en-GB\"}]}<\/script>\n<!-- \/ Yoast SEO plugin. -->","yoast_head_json":{"title":"Wilde Henne ECRU - lamillou.ch","description":"Grandma Dana's Wild Hen ist unsere Variation des ikonischen Kissens, das unsere Kunden lieben! Die Henne ist perfekt f\u00fcr Kinder und Erwachsene zum","robots":{"index":"index","follow":"follow","max-snippet":"max-snippet:-1","max-image-preview":"max-image-preview:large","max-video-preview":"max-video-preview:-1"},"canonical":"https:\/\/lamillou.ch\/en\/product\/wilde-henne-ecru\/","og_locale":"en_GB","og_type":"article","og_title":"Wilde Henne ECRU - lamillou.ch","og_description":"Grandma Dana's Wild Hen ist unsere Variation des ikonischen Kissens, das unsere Kunden lieben! Die Henne ist perfekt f\u00fcr Kinder und Erwachsene zum","og_url":"https:\/\/lamillou.ch\/en\/product\/wilde-henne-ecru\/","og_site_name":"lamillou.ch","article_modified_time":"2026-04-17T02:02:25+00:00","og_image":[{"width":1920,"height":1920,"url":"https:\/\/lamillou.ch\/wp-content\/uploads\/2026\/04\/image_1920_nTPRq.jpeg","type":"image\/jpeg"}],"twitter_card":"summary_large_image","twitter_misc":{"Estimated reading time":"1 minute"},"schema":{"@context":"https:\/\/schema.org","@graph":[{"@type":"WebPage","@id":"https:\/\/lamillou.ch\/produkt\/wilde-henne-ecru\/","url":"https:\/\/lamillou.ch\/produkt\/wilde-henne-ecru\/","name":"Wilde Henne ECRU - lamillou.ch","isPartOf":{"@id":"https:\/\/lamillou.ch\/#website"},"primaryImageOfPage":{"@id":"https:\/\/lamillou.ch\/produkt\/wilde-henne-ecru\/#primaryimage"},"image":{"@id":"https:\/\/lamillou.ch\/produkt\/wilde-henne-ecru\/#primaryimage"},"thumbnailUrl":"https:\/\/lamillou.ch\/wp-content\/uploads\/2026\/04\/image_1920_nTPRq.jpeg","datePublished":"2026-04-08T12:08:58+00:00","dateModified":"2026-04-17T02:02:25+00:00","description":"Grandma Dana's Wild Hen ist unsere Variation des ikonischen Kissens, das unsere Kunden lieben! Die Henne ist perfekt f\u00fcr Kinder und Erwachsene zum","breadcrumb":{"@id":"https:\/\/lamillou.ch\/produkt\/wilde-henne-ecru\/#breadcrumb"},"inLanguage":"en-GB","potentialAction":[{"@type":"ReadAction","target":["https:\/\/lamillou.ch\/produkt\/wilde-henne-ecru\/"]}]},{"@type":"ImageObject","inLanguage":"en-GB","@id":"https:\/\/lamillou.ch\/produkt\/wilde-henne-ecru\/#primaryimage","url":"https:\/\/lamillou.ch\/wp-content\/uploads\/2026\/04\/image_1920_nTPRq.jpeg","contentUrl":"https:\/\/lamillou.ch\/wp-content\/uploads\/2026\/04\/image_1920_nTPRq.jpeg","width":1920,"height":1920,"caption":"Wilde Henne ECRU Hauptbild"},{"@type":"BreadcrumbList","@id":"https:\/\/lamillou.ch\/produkt\/wilde-henne-ecru\/#breadcrumb","itemListElement":[{"@type":"ListItem","position":1,"name":"Home","item":"https:\/\/lamillou.ch\/"},{"@type":"ListItem","position":2,"name":"Shop","item":"https:\/\/lamillou.ch\/shop\/"},{"@type":"ListItem","position":3,"name":"Wilde Henne ECRU"}]},{"@type":"WebSite","@id":"https:\/\/lamillou.ch\/#website","url":"https:\/\/lamillou.ch\/","name":"lamillou.ch","description":"","potentialAction":[{"@type":"SearchAction","target":{"@type":"EntryPoint","urlTemplate":"https:\/\/lamillou.ch\/?s={search_term_string}"},"query-input":{"@type":"PropertyValueSpecification","valueRequired":true,"valueName":"search_term_string"}}],"inLanguage":"en-GB"}]}},"_links":{"self":[{"href":"https:\/\/lamillou.ch\/en\/wp-json\/wp\/v2\/product\/29261","targetHints":{"allow":["GET"]}}],"collection":[{"href":"https:\/\/lamillou.ch\/en\/wp-json\/wp\/v2\/product"}],"about":[{"href":"https:\/\/lamillou.ch\/en\/wp-json\/wp\/v2\/types\/product"}],"replies":[{"embeddable":true,"href":"https:\/\/lamillou.ch\/en\/wp-json\/wp\/v2\/comments?post=29261"}],"version-history":[{"count":1,"href":"https:\/\/lamillou.ch\/en\/wp-json\/wp\/v2\/product\/29261\/revisions"}],"predecessor-version":[{"id":30609,"href":"https:\/\/lamillou.ch\/en\/wp-json\/wp\/v2\/product\/29261\/revisions\/30609"}],"wp:featuredmedia":[{"embeddable":true,"href":"https:\/\/lamillou.ch\/en\/wp-json\/wp\/v2\/media\/32162"}],"wp:attachment":[{"href":"https:\/\/lamillou.ch\/en\/wp-json\/wp\/v2\/media?parent=29261"}],"wp:term":[{"taxonomy":"product_brand","embeddable":true,"href":"https:\/\/lamillou.ch\/en\/wp-json\/wp\/v2\/product_brand?post=29261"},{"taxonomy":"product_cat","embeddable":true,"href":"https:\/\/lamillou.ch\/en\/wp-json\/wp\/v2\/product_cat?post=29261"},{"taxonomy":"product_tag","embeddable":true,"href":"https:\/\/lamillou.ch\/en\/wp-json\/wp\/v2\/product_tag?post=29261"}],"curies":[{"name":"wp","href":"https:\/\/api.w.org\/{rel}","templated":true}]}}