{"id":29253,"date":"2026-04-08T13:08:58","date_gmt":"2026-04-08T12:08:58","guid":{"rendered":"https:\/\/lamillou.ch\/produkt\/bambus-kimono-boho-palms-light\/"},"modified":"2026-04-16T19:01:56","modified_gmt":"2026-04-16T18:01:56","slug":"bambus-kimono-boho-palms-light","status":"publish","type":"product","link":"https:\/\/lamillou.ch\/en\/product\/bambus-kimono-boho-palms-light\/","title":{"rendered":"Bambus Kimono BOHO PALMS LIGHT"},"content":{"rendered":"<p>Immer mit Stil! Ein himmlischer Kimono mit botanischem Muster aus 100% extrem weichem und luftigem Bambusgarn, in dem Sie sich wie in einer zweiten Haut f\u00fchlen. Echter Komfort in einem einzigartigen Stil. *Es kann als Morgenmantel verwendet werden. Es eignet sich auch super f\u00fcr den Strand oder als einzigartige Erg\u00e4nzung f\u00fcr ein stylisches City-Outfit. *Unser Kimono ist Unisex f\u00fcr Frauen oder M\u00e4nner. *Der Kimono hat G\u00fcrtelschlaufen, einen G\u00fcrtel und ein elegantes Lederetikett. *Das Produkt ist in einem Bambusbeutel mit dem gleichen Muster wie der Kimono verpackt.<\/p>","protected":false},"excerpt":{"rendered":"<p>Immer mit Stil! Ein himmlischer Kimono mit botanischem Muster aus 100% extrem weichem und luftigem Bambusgarn, in dem Sie sich<\/p>","protected":false},"featured_media":32170,"comment_status":"open","ping_status":"closed","template":"","meta":[],"product_brand":[88],"product_cat":[191],"product_tag":[],"class_list":{"0":"post-29253","1":"product","2":"type-product","3":"status-publish","4":"has-post-thumbnail","6":"product_brand-la-millou","7":"product_cat-bambus-kimonos","9":"first","10":"instock","11":"taxable","12":"shipping-taxable","13":"purchasable","14":"product-type-simple"},"yoast_head":"<!-- This site is optimized with the Yoast SEO plugin v27.3 - https:\/\/yoast.com\/product\/yoast-seo-wordpress\/ -->\n<title>Bambus Kimono BOHO PALMS LIGHT - lamillou.ch<\/title>\n<meta name=\"robots\" content=\"index, follow, max-snippet:-1, max-image-preview:large, max-video-preview:-1\" \/>\n<link rel=\"canonical\" href=\"https:\/\/lamillou.ch\/en\/product\/bambus-kimono-boho-palms-light\/\" \/>\n<meta property=\"og:locale\" content=\"en_GB\" \/>\n<meta property=\"og:type\" content=\"article\" \/>\n<meta property=\"og:title\" content=\"Bambus Kimono BOHO PALMS LIGHT - lamillou.ch\" \/>\n<meta property=\"og:description\" content=\"Immer mit Stil! Ein himmlischer Kimono mit botanischem Muster aus 100% extrem weichem und luftigem Bambusgarn, in dem Sie sich\" \/>\n<meta property=\"og:url\" content=\"https:\/\/lamillou.ch\/en\/product\/bambus-kimono-boho-palms-light\/\" \/>\n<meta property=\"og:site_name\" content=\"lamillou.ch\" \/>\n<meta property=\"article:modified_time\" content=\"2026-04-16T18:01:56+00:00\" \/>\n<meta name=\"twitter:card\" content=\"summary_large_image\" \/>\n<script type=\"application\/ld+json\" class=\"yoast-schema-graph\">{\"@context\":\"https:\\\/\\\/schema.org\",\"@graph\":[{\"@type\":\"WebPage\",\"@id\":\"https:\\\/\\\/lamillou.ch\\\/produkt\\\/bambus-kimono-boho-palms-light\\\/\",\"url\":\"https:\\\/\\\/lamillou.ch\\\/produkt\\\/bambus-kimono-boho-palms-light\\\/\",\"name\":\"Bambus Kimono BOHO PALMS LIGHT - lamillou.ch\",\"isPartOf\":{\"@id\":\"https:\\\/\\\/lamillou.ch\\\/#website\"},\"primaryImageOfPage\":{\"@id\":\"https:\\\/\\\/lamillou.ch\\\/produkt\\\/bambus-kimono-boho-palms-light\\\/#primaryimage\"},\"image\":{\"@id\":\"https:\\\/\\\/lamillou.ch\\\/produkt\\\/bambus-kimono-boho-palms-light\\\/#primaryimage\"},\"thumbnailUrl\":\"https:\\\/\\\/lamillou.ch\\\/wp-content\\\/uploads\\\/2026\\\/04\\\/image_1920_OS_RI.jpeg\",\"datePublished\":\"2026-04-08T12:08:58+00:00\",\"dateModified\":\"2026-04-16T18:01:56+00:00\",\"breadcrumb\":{\"@id\":\"https:\\\/\\\/lamillou.ch\\\/produkt\\\/bambus-kimono-boho-palms-light\\\/#breadcrumb\"},\"inLanguage\":\"en-GB\",\"potentialAction\":[{\"@type\":\"ReadAction\",\"target\":[\"https:\\\/\\\/lamillou.ch\\\/produkt\\\/bambus-kimono-boho-palms-light\\\/\"]}]},{\"@type\":\"ImageObject\",\"inLanguage\":\"en-GB\",\"@id\":\"https:\\\/\\\/lamillou.ch\\\/produkt\\\/bambus-kimono-boho-palms-light\\\/#primaryimage\",\"url\":\"https:\\\/\\\/lamillou.ch\\\/wp-content\\\/uploads\\\/2026\\\/04\\\/image_1920_OS_RI.jpeg\",\"contentUrl\":\"https:\\\/\\\/lamillou.ch\\\/wp-content\\\/uploads\\\/2026\\\/04\\\/image_1920_OS_RI.jpeg\",\"width\":640,\"height\":640,\"caption\":\"Bambus Kimono BOHO PALMS LIGHT Hauptbild\"},{\"@type\":\"BreadcrumbList\",\"@id\":\"https:\\\/\\\/lamillou.ch\\\/produkt\\\/bambus-kimono-boho-palms-light\\\/#breadcrumb\",\"itemListElement\":[{\"@type\":\"ListItem\",\"position\":1,\"name\":\"Home\",\"item\":\"https:\\\/\\\/lamillou.ch\\\/\"},{\"@type\":\"ListItem\",\"position\":2,\"name\":\"Shop\",\"item\":\"https:\\\/\\\/lamillou.ch\\\/shop\\\/\"},{\"@type\":\"ListItem\",\"position\":3,\"name\":\"Bambus Kimono BOHO PALMS LIGHT\"}]},{\"@type\":\"WebSite\",\"@id\":\"https:\\\/\\\/lamillou.ch\\\/#website\",\"url\":\"https:\\\/\\\/lamillou.ch\\\/\",\"name\":\"lamillou.ch\",\"description\":\"\",\"potentialAction\":[{\"@type\":\"SearchAction\",\"target\":{\"@type\":\"EntryPoint\",\"urlTemplate\":\"https:\\\/\\\/lamillou.ch\\\/?s={search_term_string}\"},\"query-input\":{\"@type\":\"PropertyValueSpecification\",\"valueRequired\":true,\"valueName\":\"search_term_string\"}}],\"inLanguage\":\"en-GB\"}]}<\/script>\n<!-- \/ Yoast SEO plugin. -->","yoast_head_json":{"title":"Bambus Kimono BOHO PALMS LIGHT - lamillou.ch","robots":{"index":"index","follow":"follow","max-snippet":"max-snippet:-1","max-image-preview":"max-image-preview:large","max-video-preview":"max-video-preview:-1"},"canonical":"https:\/\/lamillou.ch\/en\/product\/bambus-kimono-boho-palms-light\/","og_locale":"en_GB","og_type":"article","og_title":"Bambus Kimono BOHO PALMS LIGHT - lamillou.ch","og_description":"Immer mit Stil! Ein himmlischer Kimono mit botanischem Muster aus 100% extrem weichem und luftigem Bambusgarn, in dem Sie sich","og_url":"https:\/\/lamillou.ch\/en\/product\/bambus-kimono-boho-palms-light\/","og_site_name":"lamillou.ch","article_modified_time":"2026-04-16T18:01:56+00:00","twitter_card":"summary_large_image","schema":{"@context":"https:\/\/schema.org","@graph":[{"@type":"WebPage","@id":"https:\/\/lamillou.ch\/produkt\/bambus-kimono-boho-palms-light\/","url":"https:\/\/lamillou.ch\/produkt\/bambus-kimono-boho-palms-light\/","name":"Bambus Kimono BOHO PALMS LIGHT - lamillou.ch","isPartOf":{"@id":"https:\/\/lamillou.ch\/#website"},"primaryImageOfPage":{"@id":"https:\/\/lamillou.ch\/produkt\/bambus-kimono-boho-palms-light\/#primaryimage"},"image":{"@id":"https:\/\/lamillou.ch\/produkt\/bambus-kimono-boho-palms-light\/#primaryimage"},"thumbnailUrl":"https:\/\/lamillou.ch\/wp-content\/uploads\/2026\/04\/image_1920_OS_RI.jpeg","datePublished":"2026-04-08T12:08:58+00:00","dateModified":"2026-04-16T18:01:56+00:00","breadcrumb":{"@id":"https:\/\/lamillou.ch\/produkt\/bambus-kimono-boho-palms-light\/#breadcrumb"},"inLanguage":"en-GB","potentialAction":[{"@type":"ReadAction","target":["https:\/\/lamillou.ch\/produkt\/bambus-kimono-boho-palms-light\/"]}]},{"@type":"ImageObject","inLanguage":"en-GB","@id":"https:\/\/lamillou.ch\/produkt\/bambus-kimono-boho-palms-light\/#primaryimage","url":"https:\/\/lamillou.ch\/wp-content\/uploads\/2026\/04\/image_1920_OS_RI.jpeg","contentUrl":"https:\/\/lamillou.ch\/wp-content\/uploads\/2026\/04\/image_1920_OS_RI.jpeg","width":640,"height":640,"caption":"Bambus Kimono BOHO PALMS LIGHT Hauptbild"},{"@type":"BreadcrumbList","@id":"https:\/\/lamillou.ch\/produkt\/bambus-kimono-boho-palms-light\/#breadcrumb","itemListElement":[{"@type":"ListItem","position":1,"name":"Home","item":"https:\/\/lamillou.ch\/"},{"@type":"ListItem","position":2,"name":"Shop","item":"https:\/\/lamillou.ch\/shop\/"},{"@type":"ListItem","position":3,"name":"Bambus Kimono BOHO PALMS LIGHT"}]},{"@type":"WebSite","@id":"https:\/\/lamillou.ch\/#website","url":"https:\/\/lamillou.ch\/","name":"lamillou.ch","description":"","potentialAction":[{"@type":"SearchAction","target":{"@type":"EntryPoint","urlTemplate":"https:\/\/lamillou.ch\/?s={search_term_string}"},"query-input":{"@type":"PropertyValueSpecification","valueRequired":true,"valueName":"search_term_string"}}],"inLanguage":"en-GB"}]}},"_links":{"self":[{"href":"https:\/\/lamillou.ch\/en\/wp-json\/wp\/v2\/product\/29253","targetHints":{"allow":["GET"]}}],"collection":[{"href":"https:\/\/lamillou.ch\/en\/wp-json\/wp\/v2\/product"}],"about":[{"href":"https:\/\/lamillou.ch\/en\/wp-json\/wp\/v2\/types\/product"}],"replies":[{"embeddable":true,"href":"https:\/\/lamillou.ch\/en\/wp-json\/wp\/v2\/comments?post=29253"}],"version-history":[{"count":0,"href":"https:\/\/lamillou.ch\/en\/wp-json\/wp\/v2\/product\/29253\/revisions"}],"wp:featuredmedia":[{"embeddable":true,"href":"https:\/\/lamillou.ch\/en\/wp-json\/wp\/v2\/media\/32170"}],"wp:attachment":[{"href":"https:\/\/lamillou.ch\/en\/wp-json\/wp\/v2\/media?parent=29253"}],"wp:term":[{"taxonomy":"product_brand","embeddable":true,"href":"https:\/\/lamillou.ch\/en\/wp-json\/wp\/v2\/product_brand?post=29253"},{"taxonomy":"product_cat","embeddable":true,"href":"https:\/\/lamillou.ch\/en\/wp-json\/wp\/v2\/product_cat?post=29253"},{"taxonomy":"product_tag","embeddable":true,"href":"https:\/\/lamillou.ch\/en\/wp-json\/wp\/v2\/product_tag?post=29253"}],"curies":[{"name":"wp","href":"https:\/\/api.w.org\/{rel}","templated":true}]}}