{"id":29251,"date":"2026-04-08T13:08:57","date_gmt":"2026-04-08T12:08:57","guid":{"rendered":"https:\/\/lamillou.ch\/produkt\/bettumrandung-velvet-khaki-l-70-x-140-cm\/"},"modified":"2026-04-16T23:01:43","modified_gmt":"2026-04-16T22:01:43","slug":"bettumrandung-velvet-khaki-l-70-x-140-cm","status":"publish","type":"product","link":"https:\/\/lamillou.ch\/en\/product\/bettumrandung-velvet-khaki-l-70-x-140-cm\/","title":{"rendered":"Bettumrandung Velvet Khaki &#8211; L &#8211; 70 x 140 cm"},"content":{"rendered":"<p>Der funktionale Bettumrandung aus der Velvet Pure Kollektion vereint Sicherheit, Komfort und zeitlose Eleganz. Sie d\u00e4mpft St\u00f6sse effektiv und sch\u00fctzt das Kind vor harten Gitterst\u00e4ben, w\u00e4hrend sie das Kinderzimmer stilvoll erg\u00e4nzt.<br \/>\n Gen\u00e4ht aus besonders weichem, hochwertigem Samtvelours und gef\u00fcllt mit zarter, hypoallergener Watte, bietet sie Komfort und Sicherheit von den ersten Lebenstagen an. Die klassische Streifensteppung verleiht Leichtigkeit und Eleganz und passt perfekt zu modernen wie klassischen Interieurs.<br \/>\n Die universelle Gr\u00f6sse passt f\u00fcr Betten mit den Massen 60 \u00d7 120 cm und 70 \u00d7 140 cm. Erh\u00e4ltlich in der dezenten Farbpalette der Velvet Pure Kollektion &#8211; ideal als Basis f\u00fcr harmonische Sets.<br \/>\n Velvet Pure steht f\u00fcr Sch\u00f6nheit in ihrer reinsten Form &#8211; Funktionalit\u00e4t kombiniert mit raffiniertem Design, geschaffen f\u00fcr die Kleinsten.<\/p>","protected":false},"excerpt":{"rendered":"<p>Der funktionale Bettumrandung aus der Velvet Pure Kollektion vereint Sicherheit, Komfort und zeitlose Eleganz. Sie d\u00e4mpft St\u00f6sse effektiv und sch\u00fctzt<\/p>","protected":false},"featured_media":32172,"comment_status":"open","ping_status":"closed","template":"","meta":[],"product_brand":[88],"product_cat":[186],"product_tag":[],"class_list":{"0":"post-29251","1":"product","2":"type-product","3":"status-publish","4":"has-post-thumbnail","6":"product_brand-la-millou","7":"product_cat-bettumrandung","9":"first","10":"instock","11":"taxable","12":"shipping-taxable","13":"purchasable","14":"product-type-simple"},"yoast_head":"<!-- This site is optimized with the Yoast SEO plugin v27.3 - https:\/\/yoast.com\/product\/yoast-seo-wordpress\/ -->\n<title>Bettumrandung Velvet Khaki - L - 70 x 140 cm - lamillou.ch<\/title>\n<meta name=\"description\" content=\"Der funktionale Bettumrandung aus der Velvet Pure Kollektion vereint Sicherheit, Komfort und zeitlose Eleganz. Sie d\u00e4mpft St\u00f6sse effektiv und sch\u00fctzt das\" \/>\n<meta name=\"robots\" content=\"index, follow, max-snippet:-1, max-image-preview:large, max-video-preview:-1\" \/>\n<link rel=\"canonical\" href=\"https:\/\/lamillou.ch\/en\/product\/bettumrandung-velvet-khaki-l-70-x-140-cm\/\" \/>\n<meta property=\"og:locale\" content=\"en_GB\" \/>\n<meta property=\"og:type\" content=\"article\" \/>\n<meta property=\"og:title\" content=\"Bettumrandung Velvet Khaki - L - 70 x 140 cm - lamillou.ch\" \/>\n<meta property=\"og:description\" content=\"Der funktionale Bettumrandung aus der Velvet Pure Kollektion vereint Sicherheit, Komfort und zeitlose Eleganz. Sie d\u00e4mpft St\u00f6sse effektiv und sch\u00fctzt das\" \/>\n<meta property=\"og:url\" content=\"https:\/\/lamillou.ch\/en\/product\/bettumrandung-velvet-khaki-l-70-x-140-cm\/\" \/>\n<meta property=\"og:site_name\" content=\"lamillou.ch\" \/>\n<meta property=\"article:modified_time\" content=\"2026-04-16T22:01:43+00:00\" \/>\n<meta property=\"og:image\" content=\"https:\/\/lamillou.ch\/wp-content\/uploads\/2026\/04\/image_1920_lkJqg.jpeg\" \/>\n\t<meta property=\"og:image:width\" content=\"1920\" \/>\n\t<meta property=\"og:image:height\" content=\"1920\" \/>\n\t<meta property=\"og:image:type\" content=\"image\/jpeg\" \/>\n<meta name=\"twitter:card\" content=\"summary_large_image\" \/>\n<meta name=\"twitter:label1\" content=\"Estimated reading time\" \/>\n\t<meta name=\"twitter:data1\" content=\"1 minute\" \/>\n<script type=\"application\/ld+json\" class=\"yoast-schema-graph\">{\"@context\":\"https:\\\/\\\/schema.org\",\"@graph\":[{\"@type\":\"WebPage\",\"@id\":\"https:\\\/\\\/lamillou.ch\\\/produkt\\\/bettumrandung-velvet-khaki-l-70-x-140-cm\\\/\",\"url\":\"https:\\\/\\\/lamillou.ch\\\/produkt\\\/bettumrandung-velvet-khaki-l-70-x-140-cm\\\/\",\"name\":\"Bettumrandung Velvet Khaki - L - 70 x 140 cm - lamillou.ch\",\"isPartOf\":{\"@id\":\"https:\\\/\\\/lamillou.ch\\\/#website\"},\"primaryImageOfPage\":{\"@id\":\"https:\\\/\\\/lamillou.ch\\\/produkt\\\/bettumrandung-velvet-khaki-l-70-x-140-cm\\\/#primaryimage\"},\"image\":{\"@id\":\"https:\\\/\\\/lamillou.ch\\\/produkt\\\/bettumrandung-velvet-khaki-l-70-x-140-cm\\\/#primaryimage\"},\"thumbnailUrl\":\"https:\\\/\\\/lamillou.ch\\\/wp-content\\\/uploads\\\/2026\\\/04\\\/image_1920_lkJqg.jpeg\",\"datePublished\":\"2026-04-08T12:08:57+00:00\",\"dateModified\":\"2026-04-16T22:01:43+00:00\",\"description\":\"Der funktionale Bettumrandung aus der Velvet Pure Kollektion vereint Sicherheit, Komfort und zeitlose Eleganz. Sie d\u00e4mpft St\u00f6sse effektiv und sch\u00fctzt das\",\"breadcrumb\":{\"@id\":\"https:\\\/\\\/lamillou.ch\\\/produkt\\\/bettumrandung-velvet-khaki-l-70-x-140-cm\\\/#breadcrumb\"},\"inLanguage\":\"en-GB\",\"potentialAction\":[{\"@type\":\"ReadAction\",\"target\":[\"https:\\\/\\\/lamillou.ch\\\/produkt\\\/bettumrandung-velvet-khaki-l-70-x-140-cm\\\/\"]}]},{\"@type\":\"ImageObject\",\"inLanguage\":\"en-GB\",\"@id\":\"https:\\\/\\\/lamillou.ch\\\/produkt\\\/bettumrandung-velvet-khaki-l-70-x-140-cm\\\/#primaryimage\",\"url\":\"https:\\\/\\\/lamillou.ch\\\/wp-content\\\/uploads\\\/2026\\\/04\\\/image_1920_lkJqg.jpeg\",\"contentUrl\":\"https:\\\/\\\/lamillou.ch\\\/wp-content\\\/uploads\\\/2026\\\/04\\\/image_1920_lkJqg.jpeg\",\"width\":1920,\"height\":1920,\"caption\":\"Bettumrandung Velvet Khaki - L - 70 x 140 cm Hauptbild\"},{\"@type\":\"BreadcrumbList\",\"@id\":\"https:\\\/\\\/lamillou.ch\\\/produkt\\\/bettumrandung-velvet-khaki-l-70-x-140-cm\\\/#breadcrumb\",\"itemListElement\":[{\"@type\":\"ListItem\",\"position\":1,\"name\":\"Home\",\"item\":\"https:\\\/\\\/lamillou.ch\\\/\"},{\"@type\":\"ListItem\",\"position\":2,\"name\":\"Shop\",\"item\":\"https:\\\/\\\/lamillou.ch\\\/shop\\\/\"},{\"@type\":\"ListItem\",\"position\":3,\"name\":\"Bettumrandung Velvet Khaki &#8211; L &#8211; 70 x 140 cm\"}]},{\"@type\":\"WebSite\",\"@id\":\"https:\\\/\\\/lamillou.ch\\\/#website\",\"url\":\"https:\\\/\\\/lamillou.ch\\\/\",\"name\":\"lamillou.ch\",\"description\":\"\",\"potentialAction\":[{\"@type\":\"SearchAction\",\"target\":{\"@type\":\"EntryPoint\",\"urlTemplate\":\"https:\\\/\\\/lamillou.ch\\\/?s={search_term_string}\"},\"query-input\":{\"@type\":\"PropertyValueSpecification\",\"valueRequired\":true,\"valueName\":\"search_term_string\"}}],\"inLanguage\":\"en-GB\"}]}<\/script>\n<!-- \/ Yoast SEO plugin. -->","yoast_head_json":{"title":"Bettumrandung Velvet Khaki - L - 70 x 140 cm - lamillou.ch","description":"Der funktionale Bettumrandung aus der Velvet Pure Kollektion vereint Sicherheit, Komfort und zeitlose Eleganz. Sie d\u00e4mpft St\u00f6sse effektiv und sch\u00fctzt das","robots":{"index":"index","follow":"follow","max-snippet":"max-snippet:-1","max-image-preview":"max-image-preview:large","max-video-preview":"max-video-preview:-1"},"canonical":"https:\/\/lamillou.ch\/en\/product\/bettumrandung-velvet-khaki-l-70-x-140-cm\/","og_locale":"en_GB","og_type":"article","og_title":"Bettumrandung Velvet Khaki - L - 70 x 140 cm - lamillou.ch","og_description":"Der funktionale Bettumrandung aus der Velvet Pure Kollektion vereint Sicherheit, Komfort und zeitlose Eleganz. Sie d\u00e4mpft St\u00f6sse effektiv und sch\u00fctzt das","og_url":"https:\/\/lamillou.ch\/en\/product\/bettumrandung-velvet-khaki-l-70-x-140-cm\/","og_site_name":"lamillou.ch","article_modified_time":"2026-04-16T22:01:43+00:00","og_image":[{"width":1920,"height":1920,"url":"https:\/\/lamillou.ch\/wp-content\/uploads\/2026\/04\/image_1920_lkJqg.jpeg","type":"image\/jpeg"}],"twitter_card":"summary_large_image","twitter_misc":{"Estimated reading time":"1 minute"},"schema":{"@context":"https:\/\/schema.org","@graph":[{"@type":"WebPage","@id":"https:\/\/lamillou.ch\/produkt\/bettumrandung-velvet-khaki-l-70-x-140-cm\/","url":"https:\/\/lamillou.ch\/produkt\/bettumrandung-velvet-khaki-l-70-x-140-cm\/","name":"Bettumrandung Velvet Khaki - L - 70 x 140 cm - lamillou.ch","isPartOf":{"@id":"https:\/\/lamillou.ch\/#website"},"primaryImageOfPage":{"@id":"https:\/\/lamillou.ch\/produkt\/bettumrandung-velvet-khaki-l-70-x-140-cm\/#primaryimage"},"image":{"@id":"https:\/\/lamillou.ch\/produkt\/bettumrandung-velvet-khaki-l-70-x-140-cm\/#primaryimage"},"thumbnailUrl":"https:\/\/lamillou.ch\/wp-content\/uploads\/2026\/04\/image_1920_lkJqg.jpeg","datePublished":"2026-04-08T12:08:57+00:00","dateModified":"2026-04-16T22:01:43+00:00","description":"Der funktionale Bettumrandung aus der Velvet Pure Kollektion vereint Sicherheit, Komfort und zeitlose Eleganz. Sie d\u00e4mpft St\u00f6sse effektiv und sch\u00fctzt das","breadcrumb":{"@id":"https:\/\/lamillou.ch\/produkt\/bettumrandung-velvet-khaki-l-70-x-140-cm\/#breadcrumb"},"inLanguage":"en-GB","potentialAction":[{"@type":"ReadAction","target":["https:\/\/lamillou.ch\/produkt\/bettumrandung-velvet-khaki-l-70-x-140-cm\/"]}]},{"@type":"ImageObject","inLanguage":"en-GB","@id":"https:\/\/lamillou.ch\/produkt\/bettumrandung-velvet-khaki-l-70-x-140-cm\/#primaryimage","url":"https:\/\/lamillou.ch\/wp-content\/uploads\/2026\/04\/image_1920_lkJqg.jpeg","contentUrl":"https:\/\/lamillou.ch\/wp-content\/uploads\/2026\/04\/image_1920_lkJqg.jpeg","width":1920,"height":1920,"caption":"Bettumrandung Velvet Khaki - L - 70 x 140 cm Hauptbild"},{"@type":"BreadcrumbList","@id":"https:\/\/lamillou.ch\/produkt\/bettumrandung-velvet-khaki-l-70-x-140-cm\/#breadcrumb","itemListElement":[{"@type":"ListItem","position":1,"name":"Home","item":"https:\/\/lamillou.ch\/"},{"@type":"ListItem","position":2,"name":"Shop","item":"https:\/\/lamillou.ch\/shop\/"},{"@type":"ListItem","position":3,"name":"Bettumrandung Velvet Khaki &#8211; L &#8211; 70 x 140 cm"}]},{"@type":"WebSite","@id":"https:\/\/lamillou.ch\/#website","url":"https:\/\/lamillou.ch\/","name":"lamillou.ch","description":"","potentialAction":[{"@type":"SearchAction","target":{"@type":"EntryPoint","urlTemplate":"https:\/\/lamillou.ch\/?s={search_term_string}"},"query-input":{"@type":"PropertyValueSpecification","valueRequired":true,"valueName":"search_term_string"}}],"inLanguage":"en-GB"}]}},"_links":{"self":[{"href":"https:\/\/lamillou.ch\/en\/wp-json\/wp\/v2\/product\/29251","targetHints":{"allow":["GET"]}}],"collection":[{"href":"https:\/\/lamillou.ch\/en\/wp-json\/wp\/v2\/product"}],"about":[{"href":"https:\/\/lamillou.ch\/en\/wp-json\/wp\/v2\/types\/product"}],"replies":[{"embeddable":true,"href":"https:\/\/lamillou.ch\/en\/wp-json\/wp\/v2\/comments?post=29251"}],"version-history":[{"count":1,"href":"https:\/\/lamillou.ch\/en\/wp-json\/wp\/v2\/product\/29251\/revisions"}],"predecessor-version":[{"id":30612,"href":"https:\/\/lamillou.ch\/en\/wp-json\/wp\/v2\/product\/29251\/revisions\/30612"}],"wp:featuredmedia":[{"embeddable":true,"href":"https:\/\/lamillou.ch\/en\/wp-json\/wp\/v2\/media\/32172"}],"wp:attachment":[{"href":"https:\/\/lamillou.ch\/en\/wp-json\/wp\/v2\/media?parent=29251"}],"wp:term":[{"taxonomy":"product_brand","embeddable":true,"href":"https:\/\/lamillou.ch\/en\/wp-json\/wp\/v2\/product_brand?post=29251"},{"taxonomy":"product_cat","embeddable":true,"href":"https:\/\/lamillou.ch\/en\/wp-json\/wp\/v2\/product_cat?post=29251"},{"taxonomy":"product_tag","embeddable":true,"href":"https:\/\/lamillou.ch\/en\/wp-json\/wp\/v2\/product_tag?post=29251"}],"curies":[{"name":"wp","href":"https:\/\/api.w.org\/{rel}","templated":true}]}}