{"id":32247,"date":"2026-04-13T11:02:55","date_gmt":"2026-04-13T10:02:55","guid":{"rendered":"https:\/\/lamillou.ch\/?page_id=32247"},"modified":"2026-04-13T11:11:32","modified_gmt":"2026-04-13T10:11:32","slug":"agb","status":"publish","type":"page","link":"https:\/\/lamillou.ch\/en\/agb\/","title":{"rendered":"AGB"},"content":{"rendered":"<div data-elementor-type=\"wp-page\" data-elementor-id=\"32247\" class=\"elementor elementor-32247\" data-elementor-post-type=\"page\">\n\t\t\t\t<div class=\"wd-negative-gap elementor-element elementor-element-bff9b09 e-flex e-con-boxed e-con e-parent\" data-id=\"bff9b09\" data-element_type=\"container\" data-e-type=\"container\">\n\t\t\t\t\t<div class=\"e-con-inner\">\n\t\t\t\t<div class=\"elementor-element elementor-element-fd54e14 wd-width-100 elementor-widget elementor-widget-wd_title\" data-id=\"fd54e14\" data-element_type=\"widget\" data-e-type=\"widget\" data-widget_type=\"wd_title.default\">\n\t\t\t\t<div class=\"elementor-widget-container\">\n\t\t\t\t\t\t\t<div class=\"title-wrapper wd-set-mb reset-last-child wd-title-color-default wd-title-style-default wd-title-size-default text-center\">\n\n\t\t\t\n\t\t\t<div class=\"liner-continer\">\n\t\t\t\t<h4 class=\"woodmart-title-container title wd-fontsize-l\">Allgemeine Gesch\u00e4ftsbedingungen<\/h4> \n\t\t\t\t\t\t\t<\/div>\n\n\t\t\t\t\t<\/div>\n\t\t\t\t\t\t<\/div>\n\t\t\t\t<\/div>\n\t\t\t\t\t<\/div>\n\t\t\t\t<\/div>\n\t\t<div class=\"wd-negative-gap elementor-element elementor-element-1dbd0e5 e-flex e-con-boxed e-con e-parent\" data-id=\"1dbd0e5\" data-element_type=\"container\" data-e-type=\"container\">\n\t\t\t\t\t<div class=\"e-con-inner\">\n\t\t\t\t<div class=\"elementor-element elementor-element-d361d01 elementor-widget elementor-widget-wd_text_block\" data-id=\"d361d01\" data-element_type=\"widget\" data-e-type=\"widget\" data-widget_type=\"wd_text_block.default\">\n\t\t\t\t<div class=\"elementor-widget-container\">\n\t\t\t\t\t\t\t<div class=\"wd-text-block reset-last-child text-left\">\n\t\t\t\n\t\t\t<h3 class=\"wp-block-heading\">1. Allgemeines<\/h3><p>Mit dem Vertragsabschluss anerkennt der K\u00e4ufer die allgemeinen Gesch\u00e4ftsbedingungen. Der Kauf ist somit verbindlich. Dadurch entsteht ein rechtsg\u00fcltiger Kaufvertrag. Nach Eingang Ihrer Bestellung erhalten Sie von uns eine Auftragsbest\u00e4tigung per E-Mail. Von den angebotenen Produkten k\u00f6nnen Preise, Bilder und Angaben abweichen. Jede Haftung wird ausgeschlossen. \u00c4nderungen der allgemeinen Gesch\u00e4ftsbedingungen sind jederzeit durch den Verk\u00e4ufer vorbehalten. Fehler des Lagerbestandes vorbehalten. EazyCommerce KLG beh\u00e4lt sich das Recht vor, Bestellungen ohne Begr\u00fcndung zu annullieren. Die \u201cAllgemeinen Gesch\u00e4ftsbedingungen\u201d sind in der Originalsprache Deutsch geschrieben. Die \u00dcbersetzung in Englisch, Franz\u00f6sisch und Italienisch werden automatisch \u00fcbersetzt.<\/p><h3 class=\"wp-block-heading\">2. Versand und Lieferung<\/h3><h4 class=\"wp-block-heading\">2.1 Geltungsbereich<\/h4><p>Wir liefern ausschliesslich in die Schweiz und Liechtenstein.\u00a0<\/p><h4 class=\"wp-block-heading\">2.2 Versandkosten und Dienstleister<\/h4><p>Die Lieferkosten und Versanddienstleister werden im Checkout (Kasse) berechnet und angezeigt. Ab 190.- CHF Warenkorbwert ist der Versand kostenlos.<\/p><h4 class=\"wp-block-heading\">2.3 Lieferbedingungen<\/h4><p>Nutzen und Gefahr gehen vollumf\u00e4nglich auf den K\u00e4ufer \u00fcber. Schadenersatzanspr\u00fcche aus Lieferverzug ausgeschlossen. Wenn Lieferungen durch unsere Lieferanten verz\u00f6gert werden, kann sich das auf die Lieferzeit auswirken.<\/p><p>Die Lieferzeit wird im Checkout (Kasse) angezeigt.<\/p><h4 class=\"wp-block-heading\">2.4 Verf\u00fcgbarkeit und Lieferzeiten<\/h4><p>EazyCommerce KLG legt grossen Wert darauf, Verf\u00fcgbarkeiten und Lieferzeiten aktuell und genau anzugeben. Insbesondere aufgrund von Produktions- oder Lieferengp\u00e4ssen kann es jedoch zu Lieferverz\u00f6gerungen kommen. Alle Angaben zur Verf\u00fcgbarkeit und Lieferzeit sind deshalb ohne Gew\u00e4hr und k\u00f6nnen sich jederzeit \u00e4ndern.<\/p><h4 class=\"wp-block-heading\">2.5 Lieferm\u00e4ngel<\/h4><p>Wir bitten Sie, die gelieferten Artikel sofort auf Richtigkeit, Vollst\u00e4ndigkeit und Unversehrtheit hin zu \u00fcberpr\u00fcfen. Beanstandungen wegen Lieferumfang, Sachm\u00e4ngeln, Falschlieferungen und Mengenabweichungen sind uns innert 3 Werktagen nach Empfang der Ware schriftlich mitzuteilen.\u00a0Wird der Mangel von EazyCommerce KLG\u00a0akzeptiert, erhalten Sie, falls vorr\u00e4tig, einen gleichen Ersatzartikel zugestellt. Andernfalls wird Ihnen der gesamte Betrag zur\u00fcckverg\u00fctet.<\/p><p>R\u00fccksendungen werden nur in unge\u00f6ffneter Originalverpackung ohne Besch\u00e4digung akzeptiert. Die R\u00fccksendung ist ausreichend zu frankieren. Transportsch\u00e4den sind ausgeschlossen.<\/p><h3 class=\"wp-block-heading\">3. R\u00fcckgabe und Umtausch<\/h3><p>Sie k\u00f6nnen Artikel innerhalb von 14 Tagen gegen einen Gutschein im Warenwert umtauschen. Die Ware muss innerhalb dieser Frist bei uns eintreffen. Bei Versp\u00e4tung werden Geb\u00fchren von 10% des Kaufbetrags verrechnet. Die R\u00fccksendung erfolgt auf Ihre Kosten und Gefahr. Bevor Sie einen Artikel zur\u00fccksenden, kontaktieren Sie uns bitte per E-Mail an info@lamillou.ch und geben Sie den Grund f\u00fcr die R\u00fccksendung an. Werden Artikel ohne unsere Zustimmung zur\u00fcckgesendet, so wird nur 50% der Kaufbetrags zur\u00fcckerstattet oder der Artikel mit Zusatzkosten zur\u00fcckgesendet.<\/p><p><strong>Die Versandkosten werden nicht zur\u00fcckerstattet.<\/strong><\/p><p><strong>Vom Umtausch und R\u00fcckgabe ausgeschlossen sind folgende Produkte:<\/strong><\/p><ul><li>SALE Artikel<\/li><li>Fehlendes Zubeh\u00f6r<\/li><li>Keine Originalverpackung vorhanden<\/li><li>Originaletiketten fehlen<\/li><li>Ge\u00f6ffnete, gebrauchte und gewaschene Produkte<\/li><li>Auf Kundenwunsch bestellte Artikel<\/li><li>Individuelle konfigurierbare Produkte<\/li><\/ul><div><p>R\u00fccksendungen m\u00fcssen ausreichend frankiert und sachgem\u00e4ss verpackt werden.<br \/>Nach Ablauf der Frist ist eine Umtausch ausgeschlossen.<\/p><\/div><p>Weitere Details sind hier zu finden:<\/p><h3 class=\"wp-block-heading\">4. Preise<\/h3><p>Alle genannten Preise verstehen sich in inkl. alle Geb\u00fchren, Steuern und Verzollung.<\/p><h3 class=\"wp-block-heading\">5. Zahlung<\/h3><p>Bei uns haben sie die M\u00f6glichkeit zwischen folgenden Zahlungsmethoden zu w\u00e4hlen.\u00a0<\/p><ul><li>Debit- Kreditkarte<\/li><li>Apple Pay \/ Google Pay<\/li><li>TWINT<\/li><li>Klarna<\/li><\/ul><p>\u00a0<\/p><h3 class=\"wp-block-heading\">6. Geschenkgutschein<\/h3><p class=\"wp-block-heading\">Geschenkgutscheine sind Gutscheine, die Sie k\u00e4uflich erwerben k\u00f6nnen. Sie k\u00f6nnen Ihre Bestellung mit einem Gutschein von Eazyshop bezahlen. Dazu geben Sie den Code auf dem Gutschein in das entsprechende Feld der Bestellung ein. Ein Geschenkgutschein kann ausschliesslich vor dem Abschluss des Bestellvorganges und zum vollen Betrag eingel\u00f6st werden. Die H\u00f6he der Gutscheinbetr\u00e4ge ist vorgegeben. Die Gutscheine werden ausschliesslich in CHF ausgestellt und sind frei \u00fcbertragbar.\u00a0Eine Barauszahlung ist ausgeschlossen.<\/p><p>\u00a0<\/p><h3 class=\"wp-block-heading\">8. Anwendbares Recht und Gerichtsstand<\/h3><p>Die Gesch\u00e4ftst\u00e4tigkeit der EazyCommerce KLG basiert ausschliesslich auf Schweizer Recht.<\/p><p>\u00a0<\/p><p><strong>Stand: April 2026<\/strong><\/p>\n\t\t\t\t\t<\/div>\n\t\t\t\t\t\t<\/div>\n\t\t\t\t<\/div>\n\t\t\t\t\t<\/div>\n\t\t\t\t<\/div>\n\t\t\t\t<\/div>","protected":false},"excerpt":{"rendered":"<p>Allgemeine Gesch\u00e4ftsbedingungen 1. Allgemeines Mit dem Vertragsabschluss anerkennt der K\u00e4ufer die allgemeinen Gesch\u00e4ftsbedingungen. Der Kauf ist somit verbindlich. Dadurch entsteht<\/p>","protected":false},"author":1,"featured_media":0,"parent":0,"menu_order":0,"comment_status":"closed","ping_status":"closed","template":"elementor_header_footer","meta":{"footnotes":""},"class_list":["post-32247","page","type-page","status-publish","hentry"],"yoast_head":"<!-- This site is optimized with the Yoast SEO plugin v27.3 - https:\/\/yoast.com\/product\/yoast-seo-wordpress\/ -->\n<title>AGB - lamillou.ch<\/title>\n<meta name=\"robots\" content=\"index, follow, max-snippet:-1, max-image-preview:large, max-video-preview:-1\" \/>\n<link rel=\"canonical\" href=\"https:\/\/lamillou.ch\/en\/agb\/\" \/>\n<meta property=\"og:locale\" content=\"en_GB\" \/>\n<meta property=\"og:type\" content=\"article\" \/>\n<meta property=\"og:title\" content=\"AGB - lamillou.ch\" \/>\n<meta property=\"og:description\" content=\"Allgemeine Gesch\u00e4ftsbedingungen 1. Allgemeines Mit dem Vertragsabschluss anerkennt der K\u00e4ufer die allgemeinen Gesch\u00e4ftsbedingungen. Der Kauf ist somit verbindlich. Dadurch entsteht\" \/>\n<meta property=\"og:url\" content=\"https:\/\/lamillou.ch\/en\/agb\/\" \/>\n<meta property=\"og:site_name\" content=\"lamillou.ch\" \/>\n<meta property=\"article:modified_time\" content=\"2026-04-13T10:11:32+00:00\" \/>\n<meta name=\"twitter:card\" content=\"summary_large_image\" \/>\n<meta name=\"twitter:label1\" content=\"Estimated reading time\" \/>\n\t<meta name=\"twitter:data1\" content=\"4 minutes\" \/>\n<script type=\"application\/ld+json\" class=\"yoast-schema-graph\">{\"@context\":\"https:\\\/\\\/schema.org\",\"@graph\":[{\"@type\":\"WebPage\",\"@id\":\"https:\\\/\\\/lamillou.ch\\\/agb\\\/\",\"url\":\"https:\\\/\\\/lamillou.ch\\\/agb\\\/\",\"name\":\"AGB - lamillou.ch\",\"isPartOf\":{\"@id\":\"https:\\\/\\\/lamillou.ch\\\/#website\"},\"datePublished\":\"2026-04-13T10:02:55+00:00\",\"dateModified\":\"2026-04-13T10:11:32+00:00\",\"breadcrumb\":{\"@id\":\"https:\\\/\\\/lamillou.ch\\\/agb\\\/#breadcrumb\"},\"inLanguage\":\"en-GB\",\"potentialAction\":[{\"@type\":\"ReadAction\",\"target\":[\"https:\\\/\\\/lamillou.ch\\\/agb\\\/\"]}]},{\"@type\":\"BreadcrumbList\",\"@id\":\"https:\\\/\\\/lamillou.ch\\\/agb\\\/#breadcrumb\",\"itemListElement\":[{\"@type\":\"ListItem\",\"position\":1,\"name\":\"Home\",\"item\":\"https:\\\/\\\/lamillou.ch\\\/\"},{\"@type\":\"ListItem\",\"position\":2,\"name\":\"AGB\"}]},{\"@type\":\"WebSite\",\"@id\":\"https:\\\/\\\/lamillou.ch\\\/#website\",\"url\":\"https:\\\/\\\/lamillou.ch\\\/\",\"name\":\"lamillou.ch\",\"description\":\"\",\"potentialAction\":[{\"@type\":\"SearchAction\",\"target\":{\"@type\":\"EntryPoint\",\"urlTemplate\":\"https:\\\/\\\/lamillou.ch\\\/?s={search_term_string}\"},\"query-input\":{\"@type\":\"PropertyValueSpecification\",\"valueRequired\":true,\"valueName\":\"search_term_string\"}}],\"inLanguage\":\"en-GB\"}]}<\/script>\n<!-- \/ Yoast SEO plugin. -->","yoast_head_json":{"title":"AGB - lamillou.ch","robots":{"index":"index","follow":"follow","max-snippet":"max-snippet:-1","max-image-preview":"max-image-preview:large","max-video-preview":"max-video-preview:-1"},"canonical":"https:\/\/lamillou.ch\/en\/agb\/","og_locale":"en_GB","og_type":"article","og_title":"AGB - lamillou.ch","og_description":"Allgemeine Gesch\u00e4ftsbedingungen 1. Allgemeines Mit dem Vertragsabschluss anerkennt der K\u00e4ufer die allgemeinen Gesch\u00e4ftsbedingungen. Der Kauf ist somit verbindlich. Dadurch entsteht","og_url":"https:\/\/lamillou.ch\/en\/agb\/","og_site_name":"lamillou.ch","article_modified_time":"2026-04-13T10:11:32+00:00","twitter_card":"summary_large_image","twitter_misc":{"Estimated reading time":"4 minutes"},"schema":{"@context":"https:\/\/schema.org","@graph":[{"@type":"WebPage","@id":"https:\/\/lamillou.ch\/agb\/","url":"https:\/\/lamillou.ch\/agb\/","name":"AGB - lamillou.ch","isPartOf":{"@id":"https:\/\/lamillou.ch\/#website"},"datePublished":"2026-04-13T10:02:55+00:00","dateModified":"2026-04-13T10:11:32+00:00","breadcrumb":{"@id":"https:\/\/lamillou.ch\/agb\/#breadcrumb"},"inLanguage":"en-GB","potentialAction":[{"@type":"ReadAction","target":["https:\/\/lamillou.ch\/agb\/"]}]},{"@type":"BreadcrumbList","@id":"https:\/\/lamillou.ch\/agb\/#breadcrumb","itemListElement":[{"@type":"ListItem","position":1,"name":"Home","item":"https:\/\/lamillou.ch\/"},{"@type":"ListItem","position":2,"name":"AGB"}]},{"@type":"WebSite","@id":"https:\/\/lamillou.ch\/#website","url":"https:\/\/lamillou.ch\/","name":"lamillou.ch","description":"","potentialAction":[{"@type":"SearchAction","target":{"@type":"EntryPoint","urlTemplate":"https:\/\/lamillou.ch\/?s={search_term_string}"},"query-input":{"@type":"PropertyValueSpecification","valueRequired":true,"valueName":"search_term_string"}}],"inLanguage":"en-GB"}]}},"_links":{"self":[{"href":"https:\/\/lamillou.ch\/en\/wp-json\/wp\/v2\/pages\/32247","targetHints":{"allow":["GET"]}}],"collection":[{"href":"https:\/\/lamillou.ch\/en\/wp-json\/wp\/v2\/pages"}],"about":[{"href":"https:\/\/lamillou.ch\/en\/wp-json\/wp\/v2\/types\/page"}],"author":[{"embeddable":true,"href":"https:\/\/lamillou.ch\/en\/wp-json\/wp\/v2\/users\/1"}],"replies":[{"embeddable":true,"href":"https:\/\/lamillou.ch\/en\/wp-json\/wp\/v2\/comments?post=32247"}],"version-history":[{"count":7,"href":"https:\/\/lamillou.ch\/en\/wp-json\/wp\/v2\/pages\/32247\/revisions"}],"predecessor-version":[{"id":32258,"href":"https:\/\/lamillou.ch\/en\/wp-json\/wp\/v2\/pages\/32247\/revisions\/32258"}],"wp:attachment":[{"href":"https:\/\/lamillou.ch\/en\/wp-json\/wp\/v2\/media?parent=32247"}],"curies":[{"name":"wp","href":"https:\/\/api.w.org\/{rel}","templated":true}]}}