{"id":30793,"date":"2026-04-08T19:38:05","date_gmt":"2026-04-08T18:38:05","guid":{"rendered":"https:\/\/lamillou.ch\/?page_id=30793"},"modified":"2026-04-08T19:47:56","modified_gmt":"2026-04-08T18:47:56","slug":"impressum","status":"publish","type":"page","link":"https:\/\/lamillou.ch\/en\/impressum\/","title":{"rendered":"Impressum"},"content":{"rendered":"<div data-elementor-type=\"wp-page\" data-elementor-id=\"30793\" class=\"elementor elementor-30793\" data-elementor-post-type=\"page\">\n\t\t\t\t<div class=\"wd-negative-gap elementor-element elementor-element-14ad50f e-flex e-con-boxed e-con e-parent\" data-id=\"14ad50f\" data-element_type=\"container\" data-e-type=\"container\">\n\t\t\t\t\t<div class=\"e-con-inner\">\n\t\t\t\t<div class=\"elementor-element elementor-element-e5d1a61 elementor-widget elementor-widget-wd_text_block\" data-id=\"e5d1a61\" data-element_type=\"widget\" data-e-type=\"widget\" data-widget_type=\"wd_text_block.default\">\n\t\t\t\t<div class=\"elementor-widget-container\">\n\t\t\t\t\t\t\t<div class=\"wd-text-block reset-last-child text-left\">\n\t\t\t\n\t\t\t<p><strong>EazyCommerce KLG<\/strong><br \/>Spinnereistrasse 5<br \/>5300 Turgi<\/p><p>Kollektivgeselschaft<br \/>UID: CHE-324.039.342MWST<\/p><p>info@lamillou.ch<\/p><h4>Markenhinweis<\/h4><p>La Millou ist eine eingetragene Marke der Smartino Sp. z o.o.<br \/>EazyCommerce KLG ist offizieller Distributor von La Millou in der Schweiz.<\/p><h4 id=\"h-haftungsausschuss\" class=\"wp-block-heading\">Haftungsausschuss<\/h4><p>EazyCommerce KLG \u00fcbernimmt keinerlei Gew\u00e4hr hinsichtlich der inhaltlichen Richtigkeit, Genauigkeit, Aktualit\u00e4t, Zuverl\u00e4ssigkeit und Vollst\u00e4ndigkeit der Informationen. Einige Informationen k\u00f6nnen direkt von Drittanbietern stammen.<\/p><p>Haftungsanspr\u00fcche gegen EazyCommerce KLG wegen Sch\u00e4den materieller oder immaterieller Art, welche aus dem Zugriff oder der Nutzung bzw. Nichtnutzung der ver\u00f6ffentlichten Informationen, durch Missbrauch der Verbindung oder durch technische St\u00f6rungen entstanden sind, werden ausgeschlossen. Alle Angebote sind unverbindlich. EazyCommerce KLG beh\u00e4lt es sich ausdr\u00fccklich vor, Teile der Seiten oder das gesamte Angebot ohne gesonderte Ank\u00fcndigung zu ver\u00e4ndern, zu erg\u00e4nzen, zu l\u00f6schen oder die Ver\u00f6ffentlichung zeitweise oder endg\u00fcltig einzustellen.<\/p><p>2026 EazyCommerce<\/p>\n\t\t\t\t\t<\/div>\n\t\t\t\t\t\t<\/div>\n\t\t\t\t<\/div>\n\t\t\t\t\t<\/div>\n\t\t\t\t<\/div>\n\t\t\t\t<\/div>","protected":false},"excerpt":{"rendered":"<p>EazyCommerce KLGSpinnereistrasse 55300 Turgi KollektivgeselschaftUID: CHE-324.039.342MWST info@lamillou.ch Markenhinweis La Millou ist eine eingetragene Marke der Smartino Sp. z o.o.EazyCommerce KLG<\/p>","protected":false},"author":1,"featured_media":0,"parent":0,"menu_order":0,"comment_status":"closed","ping_status":"closed","template":"elementor_header_footer","meta":{"footnotes":""},"class_list":["post-30793","page","type-page","status-publish","hentry"],"yoast_head":"<!-- This site is optimized with the Yoast SEO plugin v27.3 - https:\/\/yoast.com\/product\/yoast-seo-wordpress\/ -->\n<title>Impressum - lamillou.ch<\/title>\n<meta name=\"robots\" content=\"index, follow, max-snippet:-1, max-image-preview:large, max-video-preview:-1\" \/>\n<link rel=\"canonical\" href=\"https:\/\/lamillou.ch\/en\/impressum\/\" \/>\n<meta property=\"og:locale\" content=\"en_GB\" \/>\n<meta property=\"og:type\" content=\"article\" \/>\n<meta property=\"og:title\" content=\"Impressum - lamillou.ch\" \/>\n<meta property=\"og:description\" content=\"EazyCommerce KLGSpinnereistrasse 55300 Turgi KollektivgeselschaftUID: CHE-324.039.342MWST info@lamillou.ch Markenhinweis La Millou ist eine eingetragene Marke der Smartino Sp. z o.o.EazyCommerce KLG\" \/>\n<meta property=\"og:url\" content=\"https:\/\/lamillou.ch\/en\/impressum\/\" \/>\n<meta property=\"og:site_name\" content=\"lamillou.ch\" \/>\n<meta property=\"article:modified_time\" content=\"2026-04-08T18:47:56+00:00\" \/>\n<meta name=\"twitter:card\" content=\"summary_large_image\" \/>\n<meta name=\"twitter:label1\" content=\"Estimated reading time\" \/>\n\t<meta name=\"twitter:data1\" content=\"1 minute\" \/>\n<script type=\"application\/ld+json\" class=\"yoast-schema-graph\">{\"@context\":\"https:\\\/\\\/schema.org\",\"@graph\":[{\"@type\":\"WebPage\",\"@id\":\"https:\\\/\\\/lamillou.ch\\\/impressum\\\/\",\"url\":\"https:\\\/\\\/lamillou.ch\\\/impressum\\\/\",\"name\":\"Impressum - lamillou.ch\",\"isPartOf\":{\"@id\":\"https:\\\/\\\/lamillou.ch\\\/#website\"},\"datePublished\":\"2026-04-08T18:38:05+00:00\",\"dateModified\":\"2026-04-08T18:47:56+00:00\",\"breadcrumb\":{\"@id\":\"https:\\\/\\\/lamillou.ch\\\/impressum\\\/#breadcrumb\"},\"inLanguage\":\"en-GB\",\"potentialAction\":[{\"@type\":\"ReadAction\",\"target\":[\"https:\\\/\\\/lamillou.ch\\\/impressum\\\/\"]}]},{\"@type\":\"BreadcrumbList\",\"@id\":\"https:\\\/\\\/lamillou.ch\\\/impressum\\\/#breadcrumb\",\"itemListElement\":[{\"@type\":\"ListItem\",\"position\":1,\"name\":\"Home\",\"item\":\"https:\\\/\\\/lamillou.ch\\\/\"},{\"@type\":\"ListItem\",\"position\":2,\"name\":\"Impressum\"}]},{\"@type\":\"WebSite\",\"@id\":\"https:\\\/\\\/lamillou.ch\\\/#website\",\"url\":\"https:\\\/\\\/lamillou.ch\\\/\",\"name\":\"lamillou.ch\",\"description\":\"\",\"potentialAction\":[{\"@type\":\"SearchAction\",\"target\":{\"@type\":\"EntryPoint\",\"urlTemplate\":\"https:\\\/\\\/lamillou.ch\\\/?s={search_term_string}\"},\"query-input\":{\"@type\":\"PropertyValueSpecification\",\"valueRequired\":true,\"valueName\":\"search_term_string\"}}],\"inLanguage\":\"en-GB\"}]}<\/script>\n<!-- \/ Yoast SEO plugin. -->","yoast_head_json":{"title":"Impressum - lamillou.ch","robots":{"index":"index","follow":"follow","max-snippet":"max-snippet:-1","max-image-preview":"max-image-preview:large","max-video-preview":"max-video-preview:-1"},"canonical":"https:\/\/lamillou.ch\/en\/impressum\/","og_locale":"en_GB","og_type":"article","og_title":"Impressum - lamillou.ch","og_description":"EazyCommerce KLGSpinnereistrasse 55300 Turgi KollektivgeselschaftUID: CHE-324.039.342MWST info@lamillou.ch Markenhinweis La Millou ist eine eingetragene Marke der Smartino Sp. z o.o.EazyCommerce KLG","og_url":"https:\/\/lamillou.ch\/en\/impressum\/","og_site_name":"lamillou.ch","article_modified_time":"2026-04-08T18:47:56+00:00","twitter_card":"summary_large_image","twitter_misc":{"Estimated reading time":"1 minute"},"schema":{"@context":"https:\/\/schema.org","@graph":[{"@type":"WebPage","@id":"https:\/\/lamillou.ch\/impressum\/","url":"https:\/\/lamillou.ch\/impressum\/","name":"Impressum - lamillou.ch","isPartOf":{"@id":"https:\/\/lamillou.ch\/#website"},"datePublished":"2026-04-08T18:38:05+00:00","dateModified":"2026-04-08T18:47:56+00:00","breadcrumb":{"@id":"https:\/\/lamillou.ch\/impressum\/#breadcrumb"},"inLanguage":"en-GB","potentialAction":[{"@type":"ReadAction","target":["https:\/\/lamillou.ch\/impressum\/"]}]},{"@type":"BreadcrumbList","@id":"https:\/\/lamillou.ch\/impressum\/#breadcrumb","itemListElement":[{"@type":"ListItem","position":1,"name":"Home","item":"https:\/\/lamillou.ch\/"},{"@type":"ListItem","position":2,"name":"Impressum"}]},{"@type":"WebSite","@id":"https:\/\/lamillou.ch\/#website","url":"https:\/\/lamillou.ch\/","name":"lamillou.ch","description":"","potentialAction":[{"@type":"SearchAction","target":{"@type":"EntryPoint","urlTemplate":"https:\/\/lamillou.ch\/?s={search_term_string}"},"query-input":{"@type":"PropertyValueSpecification","valueRequired":true,"valueName":"search_term_string"}}],"inLanguage":"en-GB"}]}},"_links":{"self":[{"href":"https:\/\/lamillou.ch\/en\/wp-json\/wp\/v2\/pages\/30793","targetHints":{"allow":["GET"]}}],"collection":[{"href":"https:\/\/lamillou.ch\/en\/wp-json\/wp\/v2\/pages"}],"about":[{"href":"https:\/\/lamillou.ch\/en\/wp-json\/wp\/v2\/types\/page"}],"author":[{"embeddable":true,"href":"https:\/\/lamillou.ch\/en\/wp-json\/wp\/v2\/users\/1"}],"replies":[{"embeddable":true,"href":"https:\/\/lamillou.ch\/en\/wp-json\/wp\/v2\/comments?post=30793"}],"version-history":[{"count":10,"href":"https:\/\/lamillou.ch\/en\/wp-json\/wp\/v2\/pages\/30793\/revisions"}],"predecessor-version":[{"id":30873,"href":"https:\/\/lamillou.ch\/en\/wp-json\/wp\/v2\/pages\/30793\/revisions\/30873"}],"wp:attachment":[{"href":"https:\/\/lamillou.ch\/en\/wp-json\/wp\/v2\/media?parent=30793"}],"curies":[{"name":"wp","href":"https:\/\/api.w.org\/{rel}","templated":true}]}}